{"id":10043,"date":"2023-04-26T16:02:21","date_gmt":"2023-04-26T16:02:21","guid":{"rendered":"https:\/\/www.officeplan.pt\/pt\/?post_type=product&#038;p=10043"},"modified":"2023-04-26T18:53:56","modified_gmt":"2023-04-26T18:53:56","slug":"cadeira-row","status":"publish","type":"product","link":"https:\/\/officeplan.pt\/pt\/produto\/cadeira-row\/","title":{"rendered":"Cadeira Row"},"content":{"rendered":"<p>Costa: alta em rede, apoio lombar e apoio de cabe\u00e7a regul\u00e1veis<br \/>\nAssento: espuma moldada revestida a tecido ou pele sint\u00e9tica<br \/>\nMecanismo: sincronizado, com regula\u00e7\u00e3o do assento em profundidade<br \/>\nBase: 700mm em nylon com rod\u00edzios macios<\/p>\n<p>Bra\u00e7os: 3D com apoio em poliuretano, regula em altura, profundidade e oscila\u00e7\u00e3o<\/p>\n","protected":false},"excerpt":{"rendered":"<p>Costa: alta em rede, apoio lombar e apoio de cabe\u00e7a regul\u00e1veis Assento: espuma moldada revestida a tecido ou pele sint\u00e9tica<\/p>\n","protected":false},"featured_media":10044,"template":"","meta":[],"product_brand":[],"product_cat":[106,105],"product_tag":[151,530],"class_list":{"0":"post-10043","1":"product","2":"type-product","3":"status-publish","4":"has-post-thumbnail","6":"product_cat-cadeira-direcao","7":"product_cat-cadeiras","8":"product_tag-cadeira","9":"product_tag-escritorio","11":"first","12":"instock","13":"taxable","14":"shipping-taxable","15":"purchasable","16":"product-type-simple"},"aioseo_notices":[],"jetpack_sharing_enabled":true,"_links":{"self":[{"href":"https:\/\/officeplan.pt\/pt\/wp-json\/wp\/v2\/product\/10043","targetHints":{"allow":["GET"]}}],"collection":[{"href":"https:\/\/officeplan.pt\/pt\/wp-json\/wp\/v2\/product"}],"about":[{"href":"https:\/\/officeplan.pt\/pt\/wp-json\/wp\/v2\/types\/product"}],"version-history":[{"count":1,"href":"https:\/\/officeplan.pt\/pt\/wp-json\/wp\/v2\/product\/10043\/revisions"}],"predecessor-version":[{"id":10045,"href":"https:\/\/officeplan.pt\/pt\/wp-json\/wp\/v2\/product\/10043\/revisions\/10045"}],"wp:featuredmedia":[{"embeddable":true,"href":"https:\/\/officeplan.pt\/pt\/wp-json\/wp\/v2\/media\/10044"}],"wp:attachment":[{"href":"https:\/\/officeplan.pt\/pt\/wp-json\/wp\/v2\/media?parent=10043"}],"wp:term":[{"taxonomy":"product_brand","embeddable":true,"href":"https:\/\/officeplan.pt\/pt\/wp-json\/wp\/v2\/product_brand?post=10043"},{"taxonomy":"product_cat","embeddable":true,"href":"https:\/\/officeplan.pt\/pt\/wp-json\/wp\/v2\/product_cat?post=10043"},{"taxonomy":"product_tag","embeddable":true,"href":"https:\/\/officeplan.pt\/pt\/wp-json\/wp\/v2\/product_tag?post=10043"}],"curies":[{"name":"wp","href":"https:\/\/api.w.org\/{rel}","templated":true}]}}