{"id":10052,"date":"2023-04-26T16:38:48","date_gmt":"2023-04-26T16:38:48","guid":{"rendered":"https:\/\/www.officeplan.pt\/pt\/?post_type=product&#038;p=10052"},"modified":"2023-04-26T17:02:09","modified_gmt":"2023-04-26T17:02:09","slug":"cadeira-wave-net","status":"publish","type":"product","link":"https:\/\/officeplan.pt\/pt\/produto\/cadeira-wave-net\/","title":{"rendered":"Cadeira Wave Net"},"content":{"rendered":"<p>Costa \/ Assento: casco \u00fanico com rede preta ou branca<br \/>\nMecanismo: basculante, tr\u00eas posi\u00e7\u00f5es<br \/>\nBase: \u00d8640mm em alum\u00ednio polido com rod\u00edzios<br \/>\nBra\u00e7os: fixos, em ferro cromado<\/p>\n<p>Op\u00e7\u00e3o: costa m\u00e9dia WA.601<\/p>\n","protected":false},"excerpt":{"rendered":"<p>Costa \/ Assento: casco \u00fanico com rede preta ou branca Mecanismo: basculante, tr\u00eas posi\u00e7\u00f5es Base: \u00d8640mm em alum\u00ednio polido com<\/p>\n","protected":false},"featured_media":10054,"template":"","meta":[],"product_brand":[],"product_cat":[106,105],"product_tag":[151,530],"class_list":{"0":"post-10052","1":"product","2":"type-product","3":"status-publish","4":"has-post-thumbnail","6":"product_cat-cadeira-direcao","7":"product_cat-cadeiras","8":"product_tag-cadeira","9":"product_tag-escritorio","11":"first","12":"instock","13":"taxable","14":"shipping-taxable","15":"purchasable","16":"product-type-simple"},"aioseo_notices":[],"jetpack_sharing_enabled":true,"_links":{"self":[{"href":"https:\/\/officeplan.pt\/pt\/wp-json\/wp\/v2\/product\/10052","targetHints":{"allow":["GET"]}}],"collection":[{"href":"https:\/\/officeplan.pt\/pt\/wp-json\/wp\/v2\/product"}],"about":[{"href":"https:\/\/officeplan.pt\/pt\/wp-json\/wp\/v2\/types\/product"}],"version-history":[{"count":2,"href":"https:\/\/officeplan.pt\/pt\/wp-json\/wp\/v2\/product\/10052\/revisions"}],"predecessor-version":[{"id":10055,"href":"https:\/\/officeplan.pt\/pt\/wp-json\/wp\/v2\/product\/10052\/revisions\/10055"}],"wp:featuredmedia":[{"embeddable":true,"href":"https:\/\/officeplan.pt\/pt\/wp-json\/wp\/v2\/media\/10054"}],"wp:attachment":[{"href":"https:\/\/officeplan.pt\/pt\/wp-json\/wp\/v2\/media?parent=10052"}],"wp:term":[{"taxonomy":"product_brand","embeddable":true,"href":"https:\/\/officeplan.pt\/pt\/wp-json\/wp\/v2\/product_brand?post=10052"},{"taxonomy":"product_cat","embeddable":true,"href":"https:\/\/officeplan.pt\/pt\/wp-json\/wp\/v2\/product_cat?post=10052"},{"taxonomy":"product_tag","embeddable":true,"href":"https:\/\/officeplan.pt\/pt\/wp-json\/wp\/v2\/product_tag?post=10052"}],"curies":[{"name":"wp","href":"https:\/\/api.w.org\/{rel}","templated":true}]}}