{"id":10077,"date":"2023-04-27T07:54:16","date_gmt":"2023-04-27T07:54:16","guid":{"rendered":"https:\/\/www.officeplan.pt\/pt\/?post_type=product&#038;p=10077"},"modified":"2023-04-27T07:55:29","modified_gmt":"2023-04-27T07:55:29","slug":"expositor-de-informacao-em-aco-inox-escovado","status":"publish","type":"product","link":"https:\/\/officeplan.pt\/pt\/produto\/expositor-de-informacao-em-aco-inox-escovado\/","title":{"rendered":"Expositor de informa\u00e7\u00e3o em a\u00e7o inox escovado"},"content":{"rendered":"<p>Expositor de informa\u00e7\u00e3o em a\u00e7o inox escovado<\/p>\n<p>Expositor de informa\u00e7\u00e3o Ref. EXP. 1 I<\/p>\n<p>Alt. x Larg. x Frente mm \u2013 1050x250x210<\/p>\n<p>Capacidade\u00a0 \u2013 2 A4<\/p>\n<p>Peso \/ Kg \u2013 11<\/p>\n<p>Vol. M3 \u2013 0.055<\/p>\n<p>&nbsp;<\/p>\n<p>Outras Dimens\u00f5es, Cores de Pintura: Pre\u00e7o Sob Consulta<\/p>\n<p>Garantia: 3 Anos<\/p>\n<p>Prazo de Entrega Estimado: 2 a 3 Semanas<\/p>\n","protected":false},"excerpt":{"rendered":"<p>Expositor de informa\u00e7\u00e3o em a\u00e7o inox escovado Expositor de informa\u00e7\u00e3o Ref. EXP. 1 I Alt. x Larg. x Frente mm<\/p>\n","protected":false},"featured_media":9203,"template":"","meta":[],"product_brand":[],"product_cat":[752,741],"product_tag":[501,508,506,388],"class_list":{"0":"post-10077","1":"product","2":"type-product","3":"status-publish","4":"has-post-thumbnail","6":"product_cat-diversos-diversos-mobiliario-2","7":"product_cat-diversos-mobiliario-2","8":"product_tag-espacos","9":"product_tag-informacao","10":"product_tag-sala","11":"product_tag-sala-de-espera","13":"first","14":"instock","15":"taxable","16":"shipping-taxable","17":"purchasable","18":"product-type-simple"},"aioseo_notices":[],"jetpack_sharing_enabled":true,"_links":{"self":[{"href":"https:\/\/officeplan.pt\/pt\/wp-json\/wp\/v2\/product\/10077","targetHints":{"allow":["GET"]}}],"collection":[{"href":"https:\/\/officeplan.pt\/pt\/wp-json\/wp\/v2\/product"}],"about":[{"href":"https:\/\/officeplan.pt\/pt\/wp-json\/wp\/v2\/types\/product"}],"version-history":[{"count":1,"href":"https:\/\/officeplan.pt\/pt\/wp-json\/wp\/v2\/product\/10077\/revisions"}],"predecessor-version":[{"id":10078,"href":"https:\/\/officeplan.pt\/pt\/wp-json\/wp\/v2\/product\/10077\/revisions\/10078"}],"wp:featuredmedia":[{"embeddable":true,"href":"https:\/\/officeplan.pt\/pt\/wp-json\/wp\/v2\/media\/9203"}],"wp:attachment":[{"href":"https:\/\/officeplan.pt\/pt\/wp-json\/wp\/v2\/media?parent=10077"}],"wp:term":[{"taxonomy":"product_brand","embeddable":true,"href":"https:\/\/officeplan.pt\/pt\/wp-json\/wp\/v2\/product_brand?post=10077"},{"taxonomy":"product_cat","embeddable":true,"href":"https:\/\/officeplan.pt\/pt\/wp-json\/wp\/v2\/product_cat?post=10077"},{"taxonomy":"product_tag","embeddable":true,"href":"https:\/\/officeplan.pt\/pt\/wp-json\/wp\/v2\/product_tag?post=10077"}],"curies":[{"name":"wp","href":"https:\/\/api.w.org\/{rel}","templated":true}]}}