{"id":10164,"date":"2023-04-28T10:25:22","date_gmt":"2023-04-28T10:25:22","guid":{"rendered":"https:\/\/www.officeplan.pt\/pt\/?post_type=product&#038;p=10164"},"modified":"2023-04-28T10:30:47","modified_gmt":"2023-04-28T10:30:47","slug":"cinzeiro-de-pe-alto-em-chapa-de-aco-com-pintura-epoxy-a-qualquer-cor-e-cabeca-em-aco-inox","status":"publish","type":"product","link":"https:\/\/officeplan.pt\/pt\/produto\/cinzeiro-de-pe-alto-em-chapa-de-aco-com-pintura-epoxy-a-qualquer-cor-e-cabeca-em-aco-inox\/","title":{"rendered":"Cinzeiro de p\u00e9 alto em chapa de a\u00e7o com pintura epoxy a qualquer cor e cabe\u00e7a em a\u00e7o inox"},"content":{"rendered":"<p>Cinzeiro de p\u00e9 alto em chapa de a\u00e7o com pintura epoxy a qualquer cor e cabe\u00e7a em a\u00e7o inox<\/p>\n<p>Ref. 23\/1 P<\/p>\n<p>Alt. x Diam.\/mm \u2013 640&#215;125<\/p>\n<p>Capacidade L \u2013 1<\/p>\n<p>Peso \/ Kg \u2013 3<\/p>\n<p>Vol. M3 \u2013 0.010<\/p>\n<p>&nbsp;<\/p>\n<p>Outras Dimens\u00f5es, Cores de Pintura: Pre\u00e7o Sob Consulta<\/p>\n<p>Garantia: 3 Anos<\/p>\n<p>Prazo de Entrega Estimado: 2 a 3 Semanas<\/p>\n","protected":false},"excerpt":{"rendered":"<p>Cinzeiro de p\u00e9 alto em chapa de a\u00e7o com pintura epoxy a qualquer cor e cabe\u00e7a em a\u00e7o inox Ref.<\/p>\n","protected":false},"featured_media":10167,"template":"","meta":[],"product_brand":[],"product_cat":[746],"product_tag":[],"class_list":{"0":"post-10164","1":"product","2":"type-product","3":"status-publish","4":"has-post-thumbnail","6":"product_cat-cinzeiros-papeleiros-diversos-mobiliario-2","8":"first","9":"instock","10":"taxable","11":"shipping-taxable","12":"purchasable","13":"product-type-simple"},"aioseo_notices":[],"jetpack_sharing_enabled":true,"_links":{"self":[{"href":"https:\/\/officeplan.pt\/pt\/wp-json\/wp\/v2\/product\/10164","targetHints":{"allow":["GET"]}}],"collection":[{"href":"https:\/\/officeplan.pt\/pt\/wp-json\/wp\/v2\/product"}],"about":[{"href":"https:\/\/officeplan.pt\/pt\/wp-json\/wp\/v2\/types\/product"}],"version-history":[{"count":2,"href":"https:\/\/officeplan.pt\/pt\/wp-json\/wp\/v2\/product\/10164\/revisions"}],"predecessor-version":[{"id":10166,"href":"https:\/\/officeplan.pt\/pt\/wp-json\/wp\/v2\/product\/10164\/revisions\/10166"}],"wp:featuredmedia":[{"embeddable":true,"href":"https:\/\/officeplan.pt\/pt\/wp-json\/wp\/v2\/media\/10167"}],"wp:attachment":[{"href":"https:\/\/officeplan.pt\/pt\/wp-json\/wp\/v2\/media?parent=10164"}],"wp:term":[{"taxonomy":"product_brand","embeddable":true,"href":"https:\/\/officeplan.pt\/pt\/wp-json\/wp\/v2\/product_brand?post=10164"},{"taxonomy":"product_cat","embeddable":true,"href":"https:\/\/officeplan.pt\/pt\/wp-json\/wp\/v2\/product_cat?post=10164"},{"taxonomy":"product_tag","embeddable":true,"href":"https:\/\/officeplan.pt\/pt\/wp-json\/wp\/v2\/product_tag?post=10164"}],"curies":[{"name":"wp","href":"https:\/\/api.w.org\/{rel}","templated":true}]}}