{"id":10174,"date":"2023-04-28T11:02:03","date_gmt":"2023-04-28T11:02:03","guid":{"rendered":"https:\/\/www.officeplan.pt\/pt\/?post_type=product&#038;p=10174"},"modified":"2023-04-28T15:44:45","modified_gmt":"2023-04-28T15:44:45","slug":"cadeira-conforto","status":"publish","type":"product","link":"https:\/\/officeplan.pt\/pt\/produto\/cadeira-conforto\/","title":{"rendered":"Cadeira Conforto"},"content":{"rendered":"<p>Costa\/Assento: casco \u00fanico com estofo em tecido ou pele sint\u00e9tica<br \/>\nMecanismo: basculante avan\u00e7ado com tr\u00eas n\u00edveis de bloqueio<br \/>\nBase: \u00d8660mm em nylon com rod\u00edzios<\/p>\n<p>Bra\u00e7os: fixos, em polipropileno<\/p>\n<p>Para outras cores e outros revestimentos os pre\u00e7os s\u00e3o sob consulta.<\/p>\n","protected":false},"excerpt":{"rendered":"<p>Costa\/Assento: casco \u00fanico com estofo em tecido ou pele sint\u00e9tica Mecanismo: basculante avan\u00e7ado com tr\u00eas n\u00edveis de bloqueio Base: \u00d8660mm<\/p>\n","protected":false},"featured_media":10176,"template":"","meta":[],"product_brand":[],"product_cat":[106,105],"product_tag":[151,530],"class_list":{"0":"post-10174","1":"product","2":"type-product","3":"status-publish","4":"has-post-thumbnail","6":"product_cat-cadeira-direcao","7":"product_cat-cadeiras","8":"product_tag-cadeira","9":"product_tag-escritorio","11":"first","12":"instock","13":"taxable","14":"shipping-taxable","15":"purchasable","16":"product-type-simple"},"aioseo_notices":[],"jetpack_sharing_enabled":true,"_links":{"self":[{"href":"https:\/\/officeplan.pt\/pt\/wp-json\/wp\/v2\/product\/10174","targetHints":{"allow":["GET"]}}],"collection":[{"href":"https:\/\/officeplan.pt\/pt\/wp-json\/wp\/v2\/product"}],"about":[{"href":"https:\/\/officeplan.pt\/pt\/wp-json\/wp\/v2\/types\/product"}],"version-history":[{"count":1,"href":"https:\/\/officeplan.pt\/pt\/wp-json\/wp\/v2\/product\/10174\/revisions"}],"predecessor-version":[{"id":10177,"href":"https:\/\/officeplan.pt\/pt\/wp-json\/wp\/v2\/product\/10174\/revisions\/10177"}],"wp:featuredmedia":[{"embeddable":true,"href":"https:\/\/officeplan.pt\/pt\/wp-json\/wp\/v2\/media\/10176"}],"wp:attachment":[{"href":"https:\/\/officeplan.pt\/pt\/wp-json\/wp\/v2\/media?parent=10174"}],"wp:term":[{"taxonomy":"product_brand","embeddable":true,"href":"https:\/\/officeplan.pt\/pt\/wp-json\/wp\/v2\/product_brand?post=10174"},{"taxonomy":"product_cat","embeddable":true,"href":"https:\/\/officeplan.pt\/pt\/wp-json\/wp\/v2\/product_cat?post=10174"},{"taxonomy":"product_tag","embeddable":true,"href":"https:\/\/officeplan.pt\/pt\/wp-json\/wp\/v2\/product_tag?post=10174"}],"curies":[{"name":"wp","href":"https:\/\/api.w.org\/{rel}","templated":true}]}}