{"id":10178,"date":"2023-04-28T15:49:57","date_gmt":"2023-04-28T15:49:57","guid":{"rendered":"https:\/\/www.officeplan.pt\/pt\/?post_type=product&#038;p=10178"},"modified":"2023-04-28T16:11:11","modified_gmt":"2023-04-28T16:11:11","slug":"cadeira-diretiva-relax","status":"publish","type":"product","link":"https:\/\/officeplan.pt\/pt\/produto\/cadeira-diretiva-relax\/","title":{"rendered":"Cadeira Relax"},"content":{"rendered":"<p>Costa\/Assento: casco \u00fanico com estofo em tecido ou pele sint\u00e9tica<br \/>\nMecanismo: basculante avan\u00e7ado com tr\u00eas n\u00edveis de bloqueio<br \/>\nBase: \u00d8660mm em nylon com rod\u00edzios<\/p>\n<p>Bra\u00e7os: fixos, em polipropileno<\/p>\n<p>Para outras cores e revestimentos: pre\u00e7os sob consulta.<\/p>\n","protected":false},"excerpt":{"rendered":"<p>Costa\/Assento: casco \u00fanico com estofo em tecido ou pele sint\u00e9tica Mecanismo: basculante avan\u00e7ado com tr\u00eas n\u00edveis de bloqueio Base: \u00d8660mm<\/p>\n","protected":false},"featured_media":10180,"template":"","meta":[],"product_brand":[],"product_cat":[106,105],"product_tag":[151,530],"class_list":{"0":"post-10178","1":"product","2":"type-product","3":"status-publish","4":"has-post-thumbnail","6":"product_cat-cadeira-direcao","7":"product_cat-cadeiras","8":"product_tag-cadeira","9":"product_tag-escritorio","11":"first","12":"instock","13":"taxable","14":"shipping-taxable","15":"purchasable","16":"product-type-simple"},"aioseo_notices":[],"jetpack_sharing_enabled":true,"_links":{"self":[{"href":"https:\/\/officeplan.pt\/pt\/wp-json\/wp\/v2\/product\/10178","targetHints":{"allow":["GET"]}}],"collection":[{"href":"https:\/\/officeplan.pt\/pt\/wp-json\/wp\/v2\/product"}],"about":[{"href":"https:\/\/officeplan.pt\/pt\/wp-json\/wp\/v2\/types\/product"}],"version-history":[{"count":3,"href":"https:\/\/officeplan.pt\/pt\/wp-json\/wp\/v2\/product\/10178\/revisions"}],"predecessor-version":[{"id":10182,"href":"https:\/\/officeplan.pt\/pt\/wp-json\/wp\/v2\/product\/10178\/revisions\/10182"}],"wp:featuredmedia":[{"embeddable":true,"href":"https:\/\/officeplan.pt\/pt\/wp-json\/wp\/v2\/media\/10180"}],"wp:attachment":[{"href":"https:\/\/officeplan.pt\/pt\/wp-json\/wp\/v2\/media?parent=10178"}],"wp:term":[{"taxonomy":"product_brand","embeddable":true,"href":"https:\/\/officeplan.pt\/pt\/wp-json\/wp\/v2\/product_brand?post=10178"},{"taxonomy":"product_cat","embeddable":true,"href":"https:\/\/officeplan.pt\/pt\/wp-json\/wp\/v2\/product_cat?post=10178"},{"taxonomy":"product_tag","embeddable":true,"href":"https:\/\/officeplan.pt\/pt\/wp-json\/wp\/v2\/product_tag?post=10178"}],"curies":[{"name":"wp","href":"https:\/\/api.w.org\/{rel}","templated":true}]}}