{"id":10193,"date":"2023-04-29T17:08:20","date_gmt":"2023-04-29T17:08:20","guid":{"rendered":"https:\/\/www.officeplan.pt\/pt\/?post_type=product&#038;p=10193"},"modified":"2023-04-29T17:18:09","modified_gmt":"2023-04-29T17:18:09","slug":"cadeira-absolute-net","status":"publish","type":"product","link":"https:\/\/officeplan.pt\/pt\/produto\/cadeira-absolute-net\/","title":{"rendered":"Cadeira Absolute Net"},"content":{"rendered":"<p>Costa: fixa, em rede, com apoio lombar<br \/>\nAssento: espuma de alta densidade revestida a tecido ou pele sint\u00e9tica<br \/>\nMecanismo: sincronizado, com regula\u00e7\u00e3o do assento em profundidade<br \/>\nBase: \u00d8640mm em nylon com rod\u00edzios<br \/>\nBra\u00e7os: opcional<\/p>\n<p>Op\u00e7\u00f5es: Apoio de cabe\u00e7a Acresce 38,00 \u20ac<br \/>\nOp\u00e7\u00f5es: base piramidal em alum\u00ednio polido \u00d8640mm<\/p>\n<p>Para outras cores e revestimentos: Pre\u00e7o sob consulta.<\/p>\n","protected":false},"excerpt":{"rendered":"<p>Costa: fixa, em rede, com apoio lombar Assento: espuma de alta densidade revestida a tecido ou pele sint\u00e9tica Mecanismo: sincronizado,<\/p>\n","protected":false},"featured_media":10194,"template":"","meta":[],"product_brand":[],"product_cat":[106,105],"product_tag":[151,530],"class_list":{"0":"post-10193","1":"product","2":"type-product","3":"status-publish","4":"has-post-thumbnail","6":"product_cat-cadeira-direcao","7":"product_cat-cadeiras","8":"product_tag-cadeira","9":"product_tag-escritorio","11":"first","12":"instock","13":"taxable","14":"shipping-taxable","15":"purchasable","16":"product-type-simple"},"aioseo_notices":[],"jetpack_sharing_enabled":true,"_links":{"self":[{"href":"https:\/\/officeplan.pt\/pt\/wp-json\/wp\/v2\/product\/10193","targetHints":{"allow":["GET"]}}],"collection":[{"href":"https:\/\/officeplan.pt\/pt\/wp-json\/wp\/v2\/product"}],"about":[{"href":"https:\/\/officeplan.pt\/pt\/wp-json\/wp\/v2\/types\/product"}],"version-history":[{"count":1,"href":"https:\/\/officeplan.pt\/pt\/wp-json\/wp\/v2\/product\/10193\/revisions"}],"predecessor-version":[{"id":10195,"href":"https:\/\/officeplan.pt\/pt\/wp-json\/wp\/v2\/product\/10193\/revisions\/10195"}],"wp:featuredmedia":[{"embeddable":true,"href":"https:\/\/officeplan.pt\/pt\/wp-json\/wp\/v2\/media\/10194"}],"wp:attachment":[{"href":"https:\/\/officeplan.pt\/pt\/wp-json\/wp\/v2\/media?parent=10193"}],"wp:term":[{"taxonomy":"product_brand","embeddable":true,"href":"https:\/\/officeplan.pt\/pt\/wp-json\/wp\/v2\/product_brand?post=10193"},{"taxonomy":"product_cat","embeddable":true,"href":"https:\/\/officeplan.pt\/pt\/wp-json\/wp\/v2\/product_cat?post=10193"},{"taxonomy":"product_tag","embeddable":true,"href":"https:\/\/officeplan.pt\/pt\/wp-json\/wp\/v2\/product_tag?post=10193"}],"curies":[{"name":"wp","href":"https:\/\/api.w.org\/{rel}","templated":true}]}}