{"id":10199,"date":"2023-04-29T17:29:16","date_gmt":"2023-04-29T17:29:16","guid":{"rendered":"https:\/\/www.officeplan.pt\/pt\/?post_type=product&#038;p=10199"},"modified":"2023-04-29T17:34:58","modified_gmt":"2023-04-29T17:34:58","slug":"cadeira-look","status":"publish","type":"product","link":"https:\/\/officeplan.pt\/pt\/produto\/cadeira-look\/","title":{"rendered":"Cadeira Look"},"content":{"rendered":"<p>Costa \/ Assento: casco \u00fanico em rede preta<br \/>\nMecanismo: oscila\u00e7\u00e3o, fabricado em alum\u00ednio polido<br \/>\nBase: \u00d8640mm em nylon com rod\u00edzios<br \/>\nBra\u00e7os: fixos<\/p>\n","protected":false},"excerpt":{"rendered":"<p>Costa \/ Assento: casco \u00fanico em rede preta Mecanismo: oscila\u00e7\u00e3o, fabricado em alum\u00ednio polido Base: \u00d8640mm em nylon com rod\u00edzios<\/p>\n","protected":false},"featured_media":10200,"template":"","meta":[],"product_brand":[],"product_cat":[106,105],"product_tag":[151,530],"class_list":{"0":"post-10199","1":"product","2":"type-product","3":"status-publish","4":"has-post-thumbnail","6":"product_cat-cadeira-direcao","7":"product_cat-cadeiras","8":"product_tag-cadeira","9":"product_tag-escritorio","11":"first","12":"instock","13":"taxable","14":"shipping-taxable","15":"purchasable","16":"product-type-simple"},"aioseo_notices":[],"jetpack_sharing_enabled":true,"_links":{"self":[{"href":"https:\/\/officeplan.pt\/pt\/wp-json\/wp\/v2\/product\/10199","targetHints":{"allow":["GET"]}}],"collection":[{"href":"https:\/\/officeplan.pt\/pt\/wp-json\/wp\/v2\/product"}],"about":[{"href":"https:\/\/officeplan.pt\/pt\/wp-json\/wp\/v2\/types\/product"}],"version-history":[{"count":1,"href":"https:\/\/officeplan.pt\/pt\/wp-json\/wp\/v2\/product\/10199\/revisions"}],"predecessor-version":[{"id":10201,"href":"https:\/\/officeplan.pt\/pt\/wp-json\/wp\/v2\/product\/10199\/revisions\/10201"}],"wp:featuredmedia":[{"embeddable":true,"href":"https:\/\/officeplan.pt\/pt\/wp-json\/wp\/v2\/media\/10200"}],"wp:attachment":[{"href":"https:\/\/officeplan.pt\/pt\/wp-json\/wp\/v2\/media?parent=10199"}],"wp:term":[{"taxonomy":"product_brand","embeddable":true,"href":"https:\/\/officeplan.pt\/pt\/wp-json\/wp\/v2\/product_brand?post=10199"},{"taxonomy":"product_cat","embeddable":true,"href":"https:\/\/officeplan.pt\/pt\/wp-json\/wp\/v2\/product_cat?post=10199"},{"taxonomy":"product_tag","embeddable":true,"href":"https:\/\/officeplan.pt\/pt\/wp-json\/wp\/v2\/product_tag?post=10199"}],"curies":[{"name":"wp","href":"https:\/\/api.w.org\/{rel}","templated":true}]}}