{"id":10240,"date":"2023-05-02T16:30:48","date_gmt":"2023-05-02T16:30:48","guid":{"rendered":"https:\/\/www.officeplan.pt\/pt\/?post_type=product&#038;p=10240"},"modified":"2023-05-02T16:33:25","modified_gmt":"2023-05-02T16:33:25","slug":"cadeira-magix-net","status":"publish","type":"product","link":"https:\/\/officeplan.pt\/pt\/produto\/cadeira-magix-net\/","title":{"rendered":"Cadeira Magix Net"},"content":{"rendered":"<p>Costa: m\u00e9dia, em rede preta<br \/>\nAssento: espuma de alta densidade revestida a tecido ou pele sint\u00e9tica<br \/>\nEstrutura: patim cromado<br \/>\nBra\u00e7os: fixos, em polipropileno preto<\/p>\n<p>Para outras cores e revestimentos: Pre\u00e7o sob consulta.<\/p>\n","protected":false},"excerpt":{"rendered":"<p>Costa: m\u00e9dia, em rede preta Assento: espuma de alta densidade revestida a tecido ou pele sint\u00e9tica Estrutura: patim cromado Bra\u00e7os:<\/p>\n","protected":false},"featured_media":10243,"template":"","meta":[],"product_brand":[],"product_cat":[108,105],"product_tag":[151,530,788],"class_list":{"0":"post-10240","1":"product","2":"type-product","3":"status-publish","4":"has-post-thumbnail","6":"product_cat-cadeira-multi-usos","7":"product_cat-cadeiras","8":"product_tag-cadeira","9":"product_tag-escritorio","10":"product_tag-multiusos","12":"first","13":"instock","14":"taxable","15":"shipping-taxable","16":"purchasable","17":"product-type-simple"},"aioseo_notices":[],"jetpack_sharing_enabled":true,"_links":{"self":[{"href":"https:\/\/officeplan.pt\/pt\/wp-json\/wp\/v2\/product\/10240","targetHints":{"allow":["GET"]}}],"collection":[{"href":"https:\/\/officeplan.pt\/pt\/wp-json\/wp\/v2\/product"}],"about":[{"href":"https:\/\/officeplan.pt\/pt\/wp-json\/wp\/v2\/types\/product"}],"version-history":[{"count":1,"href":"https:\/\/officeplan.pt\/pt\/wp-json\/wp\/v2\/product\/10240\/revisions"}],"predecessor-version":[{"id":10244,"href":"https:\/\/officeplan.pt\/pt\/wp-json\/wp\/v2\/product\/10240\/revisions\/10244"}],"wp:featuredmedia":[{"embeddable":true,"href":"https:\/\/officeplan.pt\/pt\/wp-json\/wp\/v2\/media\/10243"}],"wp:attachment":[{"href":"https:\/\/officeplan.pt\/pt\/wp-json\/wp\/v2\/media?parent=10240"}],"wp:term":[{"taxonomy":"product_brand","embeddable":true,"href":"https:\/\/officeplan.pt\/pt\/wp-json\/wp\/v2\/product_brand?post=10240"},{"taxonomy":"product_cat","embeddable":true,"href":"https:\/\/officeplan.pt\/pt\/wp-json\/wp\/v2\/product_cat?post=10240"},{"taxonomy":"product_tag","embeddable":true,"href":"https:\/\/officeplan.pt\/pt\/wp-json\/wp\/v2\/product_tag?post=10240"}],"curies":[{"name":"wp","href":"https:\/\/api.w.org\/{rel}","templated":true}]}}