{"id":10245,"date":"2023-05-02T16:34:05","date_gmt":"2023-05-02T16:34:05","guid":{"rendered":"https:\/\/www.officeplan.pt\/pt\/?post_type=product&#038;p=10245"},"modified":"2023-07-14T10:47:14","modified_gmt":"2023-07-14T10:47:14","slug":"cadeira-atena","status":"publish","type":"product","link":"https:\/\/officeplan.pt\/pt\/produto\/cadeira-atena\/","title":{"rendered":"Cadeira Atena"},"content":{"rendered":"<p>Costa: m\u00e9dia, com estofo em tecido ou pele sint\u00e9tica<br \/>\nAssento: espuma de alta densidade revestida a tecido ou pele sint\u00e9tica<br \/>\nEstrutura: 4 p\u00e9s, pintada a preto<\/p>\n<p>Op\u00e7\u00e3o: par de bra\u00e7os<br \/>\nOp\u00e7\u00e3o: par de bra\u00e7os com palmat\u00f3ria<\/p>\n<p>Outras cores e revestimentos: Pre\u00e7o sob consulta.<\/p>\n","protected":false},"excerpt":{"rendered":"<p>Costa: m\u00e9dia, com estofo em tecido ou pele sint\u00e9tica Assento: espuma de alta densidade revestida a tecido ou pele sint\u00e9tica<\/p>\n","protected":false},"featured_media":10250,"template":"","meta":[],"product_brand":[],"product_cat":[108,105],"product_tag":[151,788],"class_list":{"0":"post-10245","1":"product","2":"type-product","3":"status-publish","4":"has-post-thumbnail","6":"product_cat-cadeira-multi-usos","7":"product_cat-cadeiras","8":"product_tag-cadeira","9":"product_tag-multiusos","11":"first","12":"instock","13":"taxable","14":"shipping-taxable","15":"purchasable","16":"product-type-variable"},"aioseo_notices":[],"jetpack_sharing_enabled":true,"_links":{"self":[{"href":"https:\/\/officeplan.pt\/pt\/wp-json\/wp\/v2\/product\/10245","targetHints":{"allow":["GET"]}}],"collection":[{"href":"https:\/\/officeplan.pt\/pt\/wp-json\/wp\/v2\/product"}],"about":[{"href":"https:\/\/officeplan.pt\/pt\/wp-json\/wp\/v2\/types\/product"}],"version-history":[{"count":2,"href":"https:\/\/officeplan.pt\/pt\/wp-json\/wp\/v2\/product\/10245\/revisions"}],"predecessor-version":[{"id":10726,"href":"https:\/\/officeplan.pt\/pt\/wp-json\/wp\/v2\/product\/10245\/revisions\/10726"}],"wp:featuredmedia":[{"embeddable":true,"href":"https:\/\/officeplan.pt\/pt\/wp-json\/wp\/v2\/media\/10250"}],"wp:attachment":[{"href":"https:\/\/officeplan.pt\/pt\/wp-json\/wp\/v2\/media?parent=10245"}],"wp:term":[{"taxonomy":"product_brand","embeddable":true,"href":"https:\/\/officeplan.pt\/pt\/wp-json\/wp\/v2\/product_brand?post=10245"},{"taxonomy":"product_cat","embeddable":true,"href":"https:\/\/officeplan.pt\/pt\/wp-json\/wp\/v2\/product_cat?post=10245"},{"taxonomy":"product_tag","embeddable":true,"href":"https:\/\/officeplan.pt\/pt\/wp-json\/wp\/v2\/product_tag?post=10245"}],"curies":[{"name":"wp","href":"https:\/\/api.w.org\/{rel}","templated":true}]}}