{"id":10268,"date":"2023-05-02T17:19:46","date_gmt":"2023-05-02T17:19:46","guid":{"rendered":"https:\/\/www.officeplan.pt\/pt\/?post_type=product&#038;p=10268"},"modified":"2023-05-02T17:24:46","modified_gmt":"2023-05-02T17:24:46","slug":"cinzeiro-retangular-em-chapa-de-aco-com-pintura-epoxy-e-tampa-em-aco-inox","status":"publish","type":"product","link":"https:\/\/officeplan.pt\/pt\/produto\/cinzeiro-retangular-em-chapa-de-aco-com-pintura-epoxy-e-tampa-em-aco-inox\/","title":{"rendered":"Cinzeiro retangular em chapa de a\u00e7o com pintura epoxy e tampa em a\u00e7o inox"},"content":{"rendered":"<p>Cinzeiro retangular em chapa de a\u00e7o com pintura epoxy e tampa em a\u00e7o inox<\/p>\n<p>Ref. 620\/3 P<\/p>\n<p>Alt. x Larg. x Frente mm \u2013 620x225x165<\/p>\n<p>Capacidade\/ L \u2013 23<\/p>\n<p>Peso \/ Kg \u2013 4<\/p>\n<p>Vol. M3 \u2013 0.023<\/p>\n<p>&nbsp;<\/p>\n<p>Outras Dimens\u00f5es, Cores de Pintura: Pre\u00e7o Sob Consulta<\/p>\n<p>Garantia: 3 Anos<\/p>\n<p>Prazo de Entrega Estimado: 2 a 3 Semanas<\/p>\n","protected":false},"excerpt":{"rendered":"<p>Cinzeiro retangular em chapa de a\u00e7o com pintura epoxy e tampa em a\u00e7o inox Ref. 620\/3 P Alt. x Larg.<\/p>\n","protected":false},"featured_media":10269,"template":"","meta":[],"product_brand":[],"product_cat":[746],"product_tag":[487,530,471],"class_list":{"0":"post-10268","1":"product","2":"type-product","3":"status-publish","4":"has-post-thumbnail","6":"product_cat-cinzeiros-papeleiros-diversos-mobiliario-2","7":"product_tag-cinzeiro","8":"product_tag-escritorio","9":"product_tag-papeleiro","11":"first","12":"instock","13":"taxable","14":"shipping-taxable","15":"purchasable","16":"product-type-simple"},"aioseo_notices":[],"jetpack_sharing_enabled":true,"_links":{"self":[{"href":"https:\/\/officeplan.pt\/pt\/wp-json\/wp\/v2\/product\/10268","targetHints":{"allow":["GET"]}}],"collection":[{"href":"https:\/\/officeplan.pt\/pt\/wp-json\/wp\/v2\/product"}],"about":[{"href":"https:\/\/officeplan.pt\/pt\/wp-json\/wp\/v2\/types\/product"}],"version-history":[{"count":2,"href":"https:\/\/officeplan.pt\/pt\/wp-json\/wp\/v2\/product\/10268\/revisions"}],"predecessor-version":[{"id":10271,"href":"https:\/\/officeplan.pt\/pt\/wp-json\/wp\/v2\/product\/10268\/revisions\/10271"}],"wp:featuredmedia":[{"embeddable":true,"href":"https:\/\/officeplan.pt\/pt\/wp-json\/wp\/v2\/media\/10269"}],"wp:attachment":[{"href":"https:\/\/officeplan.pt\/pt\/wp-json\/wp\/v2\/media?parent=10268"}],"wp:term":[{"taxonomy":"product_brand","embeddable":true,"href":"https:\/\/officeplan.pt\/pt\/wp-json\/wp\/v2\/product_brand?post=10268"},{"taxonomy":"product_cat","embeddable":true,"href":"https:\/\/officeplan.pt\/pt\/wp-json\/wp\/v2\/product_cat?post=10268"},{"taxonomy":"product_tag","embeddable":true,"href":"https:\/\/officeplan.pt\/pt\/wp-json\/wp\/v2\/product_tag?post=10268"}],"curies":[{"name":"wp","href":"https:\/\/api.w.org\/{rel}","templated":true}]}}