{"id":10278,"date":"2023-05-04T08:30:23","date_gmt":"2023-05-04T08:30:23","guid":{"rendered":"https:\/\/www.officeplan.pt\/pt\/?post_type=product&#038;p=10278"},"modified":"2023-05-04T08:33:41","modified_gmt":"2023-05-04T08:33:41","slug":"cinzeiro-mural-tubular-em-aco-com-pintura-epoxy-a-qualquer-cor-e-tampa-em-aco-inox-escovado","status":"publish","type":"product","link":"https:\/\/officeplan.pt\/pt\/produto\/cinzeiro-mural-tubular-em-aco-com-pintura-epoxy-a-qualquer-cor-e-tampa-em-aco-inox-escovado\/","title":{"rendered":"Cinzeiro mural tubular em a\u00e7o com pintura epoxy a qualquer cor e tampa em a\u00e7o inox escovado"},"content":{"rendered":"<p>Cinzeiro mural tubular em a\u00e7o com pintura epoxy a qualquer cor e tampa em a\u00e7o inox escovado<\/p>\n<p>Ref. 80\/1 P<\/p>\n<p>Alt. x Diam.\/mm \u2013 300&#215;80<\/p>\n<p>Capacidade L \u2013 1,5<\/p>\n<p>Peso \/ Kg \u2013 1<\/p>\n<p>Vol. M3 \u2013<\/p>\n<p>&nbsp;<\/p>\n<p>Outras Dimens\u00f5es, Cores de Pintura: Pre\u00e7o Sob Consulta<\/p>\n<p>Garantia: 3 Anos<\/p>\n<p>Prazo de Entrega Estimado: 2 a 3 Semanas<\/p>\n","protected":false},"excerpt":{"rendered":"<p>Cinzeiro mural tubular em a\u00e7o com pintura epoxy a qualquer cor e tampa em a\u00e7o inox escovado Ref. 80\/1 P<\/p>\n","protected":false},"featured_media":10279,"template":"","meta":[],"product_brand":[],"product_cat":[746],"product_tag":[487,471],"class_list":{"0":"post-10278","1":"product","2":"type-product","3":"status-publish","4":"has-post-thumbnail","6":"product_cat-cinzeiros-papeleiros-diversos-mobiliario-2","7":"product_tag-cinzeiro","8":"product_tag-papeleiro","10":"first","11":"instock","12":"taxable","13":"shipping-taxable","14":"purchasable","15":"product-type-simple"},"aioseo_notices":[],"jetpack_sharing_enabled":true,"_links":{"self":[{"href":"https:\/\/officeplan.pt\/pt\/wp-json\/wp\/v2\/product\/10278","targetHints":{"allow":["GET"]}}],"collection":[{"href":"https:\/\/officeplan.pt\/pt\/wp-json\/wp\/v2\/product"}],"about":[{"href":"https:\/\/officeplan.pt\/pt\/wp-json\/wp\/v2\/types\/product"}],"version-history":[{"count":1,"href":"https:\/\/officeplan.pt\/pt\/wp-json\/wp\/v2\/product\/10278\/revisions"}],"predecessor-version":[{"id":10280,"href":"https:\/\/officeplan.pt\/pt\/wp-json\/wp\/v2\/product\/10278\/revisions\/10280"}],"wp:featuredmedia":[{"embeddable":true,"href":"https:\/\/officeplan.pt\/pt\/wp-json\/wp\/v2\/media\/10279"}],"wp:attachment":[{"href":"https:\/\/officeplan.pt\/pt\/wp-json\/wp\/v2\/media?parent=10278"}],"wp:term":[{"taxonomy":"product_brand","embeddable":true,"href":"https:\/\/officeplan.pt\/pt\/wp-json\/wp\/v2\/product_brand?post=10278"},{"taxonomy":"product_cat","embeddable":true,"href":"https:\/\/officeplan.pt\/pt\/wp-json\/wp\/v2\/product_cat?post=10278"},{"taxonomy":"product_tag","embeddable":true,"href":"https:\/\/officeplan.pt\/pt\/wp-json\/wp\/v2\/product_tag?post=10278"}],"curies":[{"name":"wp","href":"https:\/\/api.w.org\/{rel}","templated":true}]}}