{"id":10286,"date":"2023-05-04T16:50:55","date_gmt":"2023-05-04T16:50:55","guid":{"rendered":"https:\/\/www.officeplan.pt\/pt\/?post_type=product&#038;p=10286"},"modified":"2023-05-04T17:06:13","modified_gmt":"2023-05-04T17:06:13","slug":"cinzeiro-retangular-totalmente-em-aco-inox-escovado-com-possibilidade-de-fixacao-ao-solo","status":"publish","type":"product","link":"https:\/\/officeplan.pt\/pt\/produto\/cinzeiro-retangular-totalmente-em-aco-inox-escovado-com-possibilidade-de-fixacao-ao-solo\/","title":{"rendered":"Cinzeiro retangular totalmente em a\u00e7o inox escovado com possibilidade de fixa\u00e7\u00e3o ao solo"},"content":{"rendered":"<p>Cinzeiro retangular totalmente em a\u00e7o inox escovado com possibilidade de fixa\u00e7\u00e3o ao solo (compat\u00edvel para exterior)<\/p>\n<p>Ref &#8211; 180\/1 I<\/p>\n<p>Alt. x Larg. x Frente mm \u2013 1000x150x180<\/p>\n<p>Capacidade\/ L \u2013 4<\/p>\n<p>Peso \/ Kg \u2013 7.5<\/p>\n<p>Vol. M3 \u2013 0.027<\/p>\n<p>&nbsp;<\/p>\n<p>Outras Dimens\u00f5es, Cores de Pintura: Pre\u00e7o Sob Consulta<\/p>\n<p>Garantia: 3 Anos<\/p>\n<p>Prazo de Entrega Estimado: 2 a 3 Semanas<\/p>\n","protected":false},"excerpt":{"rendered":"<p>Cinzeiro retangular totalmente em a\u00e7o inox escovado com possibilidade de fixa\u00e7\u00e3o ao solo (compat\u00edvel para exterior) Ref &#8211; 180\/1 I<\/p>\n","protected":false},"featured_media":10287,"template":"","meta":[],"product_brand":[],"product_cat":[746],"product_tag":[487,530,779,471],"class_list":{"0":"post-10286","1":"product","2":"type-product","3":"status-publish","4":"has-post-thumbnail","6":"product_cat-cinzeiros-papeleiros-diversos-mobiliario-2","7":"product_tag-cinzeiro","8":"product_tag-escritorio","9":"product_tag-inox","10":"product_tag-papeleiro","12":"first","13":"instock","14":"taxable","15":"shipping-taxable","16":"purchasable","17":"product-type-simple"},"aioseo_notices":[],"jetpack_sharing_enabled":true,"_links":{"self":[{"href":"https:\/\/officeplan.pt\/pt\/wp-json\/wp\/v2\/product\/10286","targetHints":{"allow":["GET"]}}],"collection":[{"href":"https:\/\/officeplan.pt\/pt\/wp-json\/wp\/v2\/product"}],"about":[{"href":"https:\/\/officeplan.pt\/pt\/wp-json\/wp\/v2\/types\/product"}],"version-history":[{"count":3,"href":"https:\/\/officeplan.pt\/pt\/wp-json\/wp\/v2\/product\/10286\/revisions"}],"predecessor-version":[{"id":10300,"href":"https:\/\/officeplan.pt\/pt\/wp-json\/wp\/v2\/product\/10286\/revisions\/10300"}],"wp:featuredmedia":[{"embeddable":true,"href":"https:\/\/officeplan.pt\/pt\/wp-json\/wp\/v2\/media\/10287"}],"wp:attachment":[{"href":"https:\/\/officeplan.pt\/pt\/wp-json\/wp\/v2\/media?parent=10286"}],"wp:term":[{"taxonomy":"product_brand","embeddable":true,"href":"https:\/\/officeplan.pt\/pt\/wp-json\/wp\/v2\/product_brand?post=10286"},{"taxonomy":"product_cat","embeddable":true,"href":"https:\/\/officeplan.pt\/pt\/wp-json\/wp\/v2\/product_cat?post=10286"},{"taxonomy":"product_tag","embeddable":true,"href":"https:\/\/officeplan.pt\/pt\/wp-json\/wp\/v2\/product_tag?post=10286"}],"curies":[{"name":"wp","href":"https:\/\/api.w.org\/{rel}","templated":true}]}}