{"id":10335,"date":"2023-05-04T18:00:48","date_gmt":"2023-05-04T18:00:48","guid":{"rendered":"https:\/\/www.officeplan.pt\/pt\/?post_type=product&#038;p=10335"},"modified":"2023-05-04T18:03:47","modified_gmt":"2023-05-04T18:03:47","slug":"cinzeiro-mural-em-chapa-e-aco-com-pintura-epoxy-a-qualquer-cor-e-tampa-e-aco-inox-escovado","status":"publish","type":"product","link":"https:\/\/officeplan.pt\/pt\/produto\/cinzeiro-mural-em-chapa-e-aco-com-pintura-epoxy-a-qualquer-cor-e-tampa-e-aco-inox-escovado\/","title":{"rendered":"Cinzeiro mural em chapa e a\u00e7o com pintura epoxy a qualquer cor e tampa e a\u00e7o inox escovado"},"content":{"rendered":"<p>Cinzeiro mural em chapa e a\u00e7o com pintura epoxy a qualquer cor e tampa e a\u00e7o inox escovado<\/p>\n<p>Ref \u2013 335\/1 P<\/p>\n<p>Alt. x Larg. x Frente mm \u2013 335x72x205<\/p>\n<p>Capacidade\/ L \u2013 3<\/p>\n<p>Peso \/ Kg \u2013 3<\/p>\n<p>Vol. M3 \u2013<\/p>\n<p>&nbsp;<\/p>\n<p>Outras Dimens\u00f5es, Cores de Pintura: Pre\u00e7o Sob Consulta<\/p>\n<p>Garantia: 3 Anos<\/p>\n<p>Prazo de Entrega Estimado: 2 a 3 Semanas<\/p>\n","protected":false},"excerpt":{"rendered":"<p>Cinzeiro mural em chapa e a\u00e7o com pintura epoxy a qualquer cor e tampa e a\u00e7o inox escovado Ref \u2013<\/p>\n","protected":false},"featured_media":10336,"template":"","meta":[],"product_brand":[],"product_cat":[746],"product_tag":[487,530,471],"class_list":{"0":"post-10335","1":"product","2":"type-product","3":"status-publish","4":"has-post-thumbnail","6":"product_cat-cinzeiros-papeleiros-diversos-mobiliario-2","7":"product_tag-cinzeiro","8":"product_tag-escritorio","9":"product_tag-papeleiro","11":"first","12":"instock","13":"taxable","14":"shipping-taxable","15":"purchasable","16":"product-type-simple"},"aioseo_notices":[],"jetpack_sharing_enabled":true,"_links":{"self":[{"href":"https:\/\/officeplan.pt\/pt\/wp-json\/wp\/v2\/product\/10335","targetHints":{"allow":["GET"]}}],"collection":[{"href":"https:\/\/officeplan.pt\/pt\/wp-json\/wp\/v2\/product"}],"about":[{"href":"https:\/\/officeplan.pt\/pt\/wp-json\/wp\/v2\/types\/product"}],"version-history":[{"count":2,"href":"https:\/\/officeplan.pt\/pt\/wp-json\/wp\/v2\/product\/10335\/revisions"}],"predecessor-version":[{"id":10338,"href":"https:\/\/officeplan.pt\/pt\/wp-json\/wp\/v2\/product\/10335\/revisions\/10338"}],"wp:featuredmedia":[{"embeddable":true,"href":"https:\/\/officeplan.pt\/pt\/wp-json\/wp\/v2\/media\/10336"}],"wp:attachment":[{"href":"https:\/\/officeplan.pt\/pt\/wp-json\/wp\/v2\/media?parent=10335"}],"wp:term":[{"taxonomy":"product_brand","embeddable":true,"href":"https:\/\/officeplan.pt\/pt\/wp-json\/wp\/v2\/product_brand?post=10335"},{"taxonomy":"product_cat","embeddable":true,"href":"https:\/\/officeplan.pt\/pt\/wp-json\/wp\/v2\/product_cat?post=10335"},{"taxonomy":"product_tag","embeddable":true,"href":"https:\/\/officeplan.pt\/pt\/wp-json\/wp\/v2\/product_tag?post=10335"}],"curies":[{"name":"wp","href":"https:\/\/api.w.org\/{rel}","templated":true}]}}