{"id":10345,"date":"2023-05-05T07:30:25","date_gmt":"2023-05-05T07:30:25","guid":{"rendered":"https:\/\/www.officeplan.pt\/pt\/?post_type=product&#038;p=10345"},"modified":"2023-05-05T07:44:19","modified_gmt":"2023-05-05T07:44:19","slug":"cinzeiro-de-exterior-de-grande-capacidade-totalmente-em-aco-inox-escovado","status":"publish","type":"product","link":"https:\/\/officeplan.pt\/pt\/produto\/cinzeiro-de-exterior-de-grande-capacidade-totalmente-em-aco-inox-escovado\/","title":{"rendered":"Cinzeiro de exterior de grande capacidade totalmente em a\u00e7o inox escovado"},"content":{"rendered":"<p>Cinzeiro de exterior de grande capacidade totalmente em a\u00e7o inox escovado (compat\u00edvel para exterior)<\/p>\n<p>Ref. \u2013 800\/1 I<\/p>\n<p>Alt. x Diam.\/mm \u2013 830&#215;500<\/p>\n<p>Capacidade L \u2013 7,5 cinz.<\/p>\n<p>Peso \/ Kg \u2013 15<\/p>\n<p>Vol. M3 \u2013 0.208<\/p>\n<p>&nbsp;<\/p>\n<p>Outras Dimens\u00f5es, Cores de Pintura: Pre\u00e7o Sob Consulta<\/p>\n<p>Garantia: 3 Anos<\/p>\n<p>Prazo de Entrega Estimado: 2 a 3 Semanas<\/p>\n","protected":false},"excerpt":{"rendered":"<p>Cinzeiro de exterior de grande capacidade totalmente em a\u00e7o inox escovado (compat\u00edvel para exterior) Ref. \u2013 800\/1 I Alt. x<\/p>\n","protected":false},"featured_media":10346,"template":"","meta":[],"product_brand":[],"product_cat":[746],"product_tag":[487,783,779,471],"class_list":{"0":"post-10345","1":"product","2":"type-product","3":"status-publish","4":"has-post-thumbnail","6":"product_cat-cinzeiros-papeleiros-diversos-mobiliario-2","7":"product_tag-cinzeiro","8":"product_tag-exteriror","9":"product_tag-inox","10":"product_tag-papeleiro","12":"first","13":"instock","14":"taxable","15":"shipping-taxable","16":"purchasable","17":"product-type-simple"},"aioseo_notices":[],"jetpack_sharing_enabled":true,"_links":{"self":[{"href":"https:\/\/officeplan.pt\/pt\/wp-json\/wp\/v2\/product\/10345","targetHints":{"allow":["GET"]}}],"collection":[{"href":"https:\/\/officeplan.pt\/pt\/wp-json\/wp\/v2\/product"}],"about":[{"href":"https:\/\/officeplan.pt\/pt\/wp-json\/wp\/v2\/types\/product"}],"version-history":[{"count":2,"href":"https:\/\/officeplan.pt\/pt\/wp-json\/wp\/v2\/product\/10345\/revisions"}],"predecessor-version":[{"id":10358,"href":"https:\/\/officeplan.pt\/pt\/wp-json\/wp\/v2\/product\/10345\/revisions\/10358"}],"wp:featuredmedia":[{"embeddable":true,"href":"https:\/\/officeplan.pt\/pt\/wp-json\/wp\/v2\/media\/10346"}],"wp:attachment":[{"href":"https:\/\/officeplan.pt\/pt\/wp-json\/wp\/v2\/media?parent=10345"}],"wp:term":[{"taxonomy":"product_brand","embeddable":true,"href":"https:\/\/officeplan.pt\/pt\/wp-json\/wp\/v2\/product_brand?post=10345"},{"taxonomy":"product_cat","embeddable":true,"href":"https:\/\/officeplan.pt\/pt\/wp-json\/wp\/v2\/product_cat?post=10345"},{"taxonomy":"product_tag","embeddable":true,"href":"https:\/\/officeplan.pt\/pt\/wp-json\/wp\/v2\/product_tag?post=10345"}],"curies":[{"name":"wp","href":"https:\/\/api.w.org\/{rel}","templated":true}]}}