{"id":10349,"date":"2023-05-05T07:34:50","date_gmt":"2023-05-05T07:34:50","guid":{"rendered":"https:\/\/www.officeplan.pt\/pt\/?post_type=product&#038;p=10349"},"modified":"2023-05-05T07:44:52","modified_gmt":"2023-05-05T07:44:52","slug":"cinzeiro-de-exterior-de-grande-capacidade-em-chapa-de-aco-com-pintura-epoxy-a-qualquer-cor-cabeca-e-fundo-em-aco-inox","status":"publish","type":"product","link":"https:\/\/officeplan.pt\/pt\/produto\/cinzeiro-de-exterior-de-grande-capacidade-em-chapa-de-aco-com-pintura-epoxy-a-qualquer-cor-cabeca-e-fundo-em-aco-inox\/","title":{"rendered":"Cinzeiro de exterior de grande capacidade em chapa de a\u00e7o com pintura epoxy a qualquer cor, cabe\u00e7a e fundo em a\u00e7o inox"},"content":{"rendered":"<p>Cinzeiro de exterior de grande capacidade em chapa de a\u00e7o com pintura epoxy a qualquer cor, cabe\u00e7a e fundo em a\u00e7o inox<\/p>\n<p>Ref. \u2013 800\/1 P<\/p>\n<p>Alt. x Diam.\/mm \u2013 830\u00d7500<\/p>\n<p>Capacidade L \u2013 7,5 cinz.<\/p>\n<p>Peso \/ Kg \u2013 15<\/p>\n<p>Vol. M3 \u2013 0.208<\/p>\n<p>&nbsp;<\/p>\n<p>Outras Dimens\u00f5es, Cores de Pintura: Pre\u00e7o Sob Consulta<\/p>\n<p>Garantia: 3 Anos<\/p>\n<p>Prazo de Entrega Estimado: 2 a 3 Semanas<\/p>\n","protected":false},"excerpt":{"rendered":"<p>Cinzeiro de exterior de grande capacidade em chapa de a\u00e7o com pintura epoxy a qualquer cor, cabe\u00e7a e fundo em<\/p>\n","protected":false},"featured_media":10350,"template":"","meta":[],"product_brand":[],"product_cat":[746],"product_tag":[487,530,471],"class_list":{"0":"post-10349","1":"product","2":"type-product","3":"status-publish","4":"has-post-thumbnail","6":"product_cat-cinzeiros-papeleiros-diversos-mobiliario-2","7":"product_tag-cinzeiro","8":"product_tag-escritorio","9":"product_tag-papeleiro","11":"first","12":"instock","13":"taxable","14":"shipping-taxable","15":"purchasable","16":"product-type-simple"},"aioseo_notices":[],"jetpack_sharing_enabled":true,"_links":{"self":[{"href":"https:\/\/officeplan.pt\/pt\/wp-json\/wp\/v2\/product\/10349","targetHints":{"allow":["GET"]}}],"collection":[{"href":"https:\/\/officeplan.pt\/pt\/wp-json\/wp\/v2\/product"}],"about":[{"href":"https:\/\/officeplan.pt\/pt\/wp-json\/wp\/v2\/types\/product"}],"version-history":[{"count":2,"href":"https:\/\/officeplan.pt\/pt\/wp-json\/wp\/v2\/product\/10349\/revisions"}],"predecessor-version":[{"id":10359,"href":"https:\/\/officeplan.pt\/pt\/wp-json\/wp\/v2\/product\/10349\/revisions\/10359"}],"wp:featuredmedia":[{"embeddable":true,"href":"https:\/\/officeplan.pt\/pt\/wp-json\/wp\/v2\/media\/10350"}],"wp:attachment":[{"href":"https:\/\/officeplan.pt\/pt\/wp-json\/wp\/v2\/media?parent=10349"}],"wp:term":[{"taxonomy":"product_brand","embeddable":true,"href":"https:\/\/officeplan.pt\/pt\/wp-json\/wp\/v2\/product_brand?post=10349"},{"taxonomy":"product_cat","embeddable":true,"href":"https:\/\/officeplan.pt\/pt\/wp-json\/wp\/v2\/product_cat?post=10349"},{"taxonomy":"product_tag","embeddable":true,"href":"https:\/\/officeplan.pt\/pt\/wp-json\/wp\/v2\/product_tag?post=10349"}],"curies":[{"name":"wp","href":"https:\/\/api.w.org\/{rel}","templated":true}]}}