{"id":10353,"date":"2023-05-05T07:38:20","date_gmt":"2023-05-05T07:38:20","guid":{"rendered":"https:\/\/www.officeplan.pt\/pt\/?post_type=product&#038;p=10353"},"modified":"2023-05-05T07:43:10","modified_gmt":"2023-05-05T07:43:10","slug":"cinzeiro-papeleiro-de-grande-capacidade-corpo-em-chapa-de-aco-com-pintura-epoxy-a-qualquer-cor-cabeca-e-fundo-em-aco-inox","status":"publish","type":"product","link":"https:\/\/officeplan.pt\/pt\/produto\/cinzeiro-papeleiro-de-grande-capacidade-corpo-em-chapa-de-aco-com-pintura-epoxy-a-qualquer-cor-cabeca-e-fundo-em-aco-inox\/","title":{"rendered":"Cinzeiro papeleiro de grande capacidade, corpo em chapa de a\u00e7o com pintura epoxy a qualquer cor, cabe\u00e7a e fundo em a\u00e7o inox"},"content":{"rendered":"<p>Cinzeiro papeleiro de grande capacidade, corpo em chapa de a\u00e7o com pintura epoxy a qualquer cor, cabe\u00e7a e fundo em a\u00e7o inox<\/p>\n<p>Ref. \u2013 830\/1 P<\/p>\n<p>Alt. x Diam.\/mm \u2013 830\u00d7500<\/p>\n<p>Capacidade L \u2013<br \/>\n7,5 cinz.<br \/>\n95 Pap.<\/p>\n<p>Peso \/ Kg \u2013 16<\/p>\n<p>Vol. M3 \u2013 0.208<\/p>\n<p>&nbsp;<\/p>\n<p>Outras Dimens\u00f5es, Cores de Pintura: Pre\u00e7o Sob Consulta<\/p>\n<p>Garantia: 3 Anos<\/p>\n<p>Prazo de Entrega Estimado: 2 a 3 Semanas<\/p>\n","protected":false},"excerpt":{"rendered":"<p>Cinzeiro papeleiro de grande capacidade, corpo em chapa de a\u00e7o com pintura epoxy a qualquer cor, cabe\u00e7a e fundo em<\/p>\n","protected":false},"featured_media":10354,"template":"","meta":[],"product_brand":[],"product_cat":[746],"product_tag":[487,530,471],"class_list":{"0":"post-10353","1":"product","2":"type-product","3":"status-publish","4":"has-post-thumbnail","6":"product_cat-cinzeiros-papeleiros-diversos-mobiliario-2","7":"product_tag-cinzeiro","8":"product_tag-escritorio","9":"product_tag-papeleiro","11":"first","12":"instock","13":"taxable","14":"shipping-taxable","15":"purchasable","16":"product-type-simple"},"aioseo_notices":[],"jetpack_sharing_enabled":true,"_links":{"self":[{"href":"https:\/\/officeplan.pt\/pt\/wp-json\/wp\/v2\/product\/10353","targetHints":{"allow":["GET"]}}],"collection":[{"href":"https:\/\/officeplan.pt\/pt\/wp-json\/wp\/v2\/product"}],"about":[{"href":"https:\/\/officeplan.pt\/pt\/wp-json\/wp\/v2\/types\/product"}],"version-history":[{"count":1,"href":"https:\/\/officeplan.pt\/pt\/wp-json\/wp\/v2\/product\/10353\/revisions"}],"predecessor-version":[{"id":10356,"href":"https:\/\/officeplan.pt\/pt\/wp-json\/wp\/v2\/product\/10353\/revisions\/10356"}],"wp:featuredmedia":[{"embeddable":true,"href":"https:\/\/officeplan.pt\/pt\/wp-json\/wp\/v2\/media\/10354"}],"wp:attachment":[{"href":"https:\/\/officeplan.pt\/pt\/wp-json\/wp\/v2\/media?parent=10353"}],"wp:term":[{"taxonomy":"product_brand","embeddable":true,"href":"https:\/\/officeplan.pt\/pt\/wp-json\/wp\/v2\/product_brand?post=10353"},{"taxonomy":"product_cat","embeddable":true,"href":"https:\/\/officeplan.pt\/pt\/wp-json\/wp\/v2\/product_cat?post=10353"},{"taxonomy":"product_tag","embeddable":true,"href":"https:\/\/officeplan.pt\/pt\/wp-json\/wp\/v2\/product_tag?post=10353"}],"curies":[{"name":"wp","href":"https:\/\/api.w.org\/{rel}","templated":true}]}}