{"id":10360,"date":"2023-05-05T07:45:22","date_gmt":"2023-05-05T07:45:22","guid":{"rendered":"https:\/\/www.officeplan.pt\/pt\/?post_type=product&#038;p=10360"},"modified":"2023-05-05T07:48:17","modified_gmt":"2023-05-05T07:48:17","slug":"cinzeiro-papeleiro-com-grande-capacidade-totalmente-em-aco-inox-escovado","status":"publish","type":"product","link":"https:\/\/officeplan.pt\/pt\/produto\/cinzeiro-papeleiro-com-grande-capacidade-totalmente-em-aco-inox-escovado\/","title":{"rendered":"Cinzeiro papeleiro com grande capacidade totalmente em a\u00e7o inox escovado"},"content":{"rendered":"<p>Cinzeiro papeleiro com grande capacidade totalmente em a\u00e7o inox escovado (compat\u00edvel para exterior)<\/p>\n<p>Ref. \u2013 830\/1 I<\/p>\n<p>Alt. x Diam.\/mm \u2013 830\u00d7500<\/p>\n<p>Capacidade L \u2013<br \/>\n7,5 cinz.<br \/>\n95 Pap.<\/p>\n<p>Peso \/ Kg \u2013 16<\/p>\n<p>Vol. M3 \u2013 0.208<\/p>\n<p>&nbsp;<\/p>\n<p>Outras Dimens\u00f5es, Cores de Pintura: Pre\u00e7o Sob Consulta<\/p>\n<p>Garantia: 3 Anos<\/p>\n<p>Prazo de Entrega Estimado: 2 a 3 Semanas<\/p>\n","protected":false},"excerpt":{"rendered":"<p>Cinzeiro papeleiro com grande capacidade totalmente em a\u00e7o inox escovado (compat\u00edvel para exterior) Ref. \u2013 830\/1 I Alt. x Diam.\/mm<\/p>\n","protected":false},"featured_media":10355,"template":"","meta":[],"product_brand":[],"product_cat":[746],"product_tag":[487,783,779,471],"class_list":{"0":"post-10360","1":"product","2":"type-product","3":"status-publish","4":"has-post-thumbnail","6":"product_cat-cinzeiros-papeleiros-diversos-mobiliario-2","7":"product_tag-cinzeiro","8":"product_tag-exteriror","9":"product_tag-inox","10":"product_tag-papeleiro","12":"first","13":"instock","14":"taxable","15":"shipping-taxable","16":"purchasable","17":"product-type-simple"},"aioseo_notices":[],"jetpack_sharing_enabled":true,"_links":{"self":[{"href":"https:\/\/officeplan.pt\/pt\/wp-json\/wp\/v2\/product\/10360","targetHints":{"allow":["GET"]}}],"collection":[{"href":"https:\/\/officeplan.pt\/pt\/wp-json\/wp\/v2\/product"}],"about":[{"href":"https:\/\/officeplan.pt\/pt\/wp-json\/wp\/v2\/types\/product"}],"version-history":[{"count":2,"href":"https:\/\/officeplan.pt\/pt\/wp-json\/wp\/v2\/product\/10360\/revisions"}],"predecessor-version":[{"id":10475,"href":"https:\/\/officeplan.pt\/pt\/wp-json\/wp\/v2\/product\/10360\/revisions\/10475"}],"wp:featuredmedia":[{"embeddable":true,"href":"https:\/\/officeplan.pt\/pt\/wp-json\/wp\/v2\/media\/10355"}],"wp:attachment":[{"href":"https:\/\/officeplan.pt\/pt\/wp-json\/wp\/v2\/media?parent=10360"}],"wp:term":[{"taxonomy":"product_brand","embeddable":true,"href":"https:\/\/officeplan.pt\/pt\/wp-json\/wp\/v2\/product_brand?post=10360"},{"taxonomy":"product_cat","embeddable":true,"href":"https:\/\/officeplan.pt\/pt\/wp-json\/wp\/v2\/product_cat?post=10360"},{"taxonomy":"product_tag","embeddable":true,"href":"https:\/\/officeplan.pt\/pt\/wp-json\/wp\/v2\/product_tag?post=10360"}],"curies":[{"name":"wp","href":"https:\/\/api.w.org\/{rel}","templated":true}]}}