{"id":10509,"date":"2023-06-15T09:19:07","date_gmt":"2023-06-15T09:19:07","guid":{"rendered":"https:\/\/www.officeplan.pt\/pt\/?post_type=product&#038;p=10509"},"modified":"2023-06-15T09:19:07","modified_gmt":"2023-06-15T09:19:07","slug":"papeleira-conica-de-chapa-perfurada-em-aco-com-pintura-epoxy-a-qualquer-cor","status":"publish","type":"product","link":"https:\/\/officeplan.pt\/pt\/produto\/papeleira-conica-de-chapa-perfurada-em-aco-com-pintura-epoxy-a-qualquer-cor\/","title":{"rendered":"Papeleira c\u00f3nica de chapa perfurada em a\u00e7o com pintura epoxy a qualquer cor"},"content":{"rendered":"<p>Papeleira c\u00f3nica de chapa perfurada em a\u00e7o com pintura epoxy a qualquer cor<\/p>\n<p>Ref. \u2013 052\/ PP<\/p>\n<p>Alt. x Diam.\/mm \u2013 570&#215;380 Sup.<br \/>\nBase -255<\/p>\n<p>Capacidade L \u2013 60<\/p>\n<p>Peso \/ Kg \u2013 3.5<\/p>\n<p>Vol. M3 \u2013 0.08<\/p>\n<p>&nbsp;<\/p>\n<p>Outras Dimens\u00f5es, Cores de Pintura: Pre\u00e7o Sob Consulta<\/p>\n<p>Garantia: 3 Anos<\/p>\n<p>Prazo de Entrega Estimado: 2 a 3 Semanas<\/p>\n","protected":false},"excerpt":{"rendered":"<p>Papeleira c\u00f3nica de chapa perfurada em a\u00e7o com pintura epoxy a qualquer cor Ref. \u2013 052\/ PP Alt. x Diam.\/mm<\/p>\n","protected":false},"featured_media":10510,"template":"","meta":[],"product_brand":[],"product_cat":[747],"product_tag":[530,489,488],"class_list":{"0":"post-10509","1":"product","2":"type-product","3":"status-publish","4":"has-post-thumbnail","6":"product_cat-papeleiras-diversos-mobiliario-2","7":"product_tag-escritorio","8":"product_tag-lixo","9":"product_tag-papeleira","11":"first","12":"instock","13":"taxable","14":"shipping-taxable","15":"purchasable","16":"product-type-simple"},"aioseo_notices":[],"jetpack_sharing_enabled":true,"_links":{"self":[{"href":"https:\/\/officeplan.pt\/pt\/wp-json\/wp\/v2\/product\/10509","targetHints":{"allow":["GET"]}}],"collection":[{"href":"https:\/\/officeplan.pt\/pt\/wp-json\/wp\/v2\/product"}],"about":[{"href":"https:\/\/officeplan.pt\/pt\/wp-json\/wp\/v2\/types\/product"}],"version-history":[{"count":2,"href":"https:\/\/officeplan.pt\/pt\/wp-json\/wp\/v2\/product\/10509\/revisions"}],"predecessor-version":[{"id":10512,"href":"https:\/\/officeplan.pt\/pt\/wp-json\/wp\/v2\/product\/10509\/revisions\/10512"}],"wp:featuredmedia":[{"embeddable":true,"href":"https:\/\/officeplan.pt\/pt\/wp-json\/wp\/v2\/media\/10510"}],"wp:attachment":[{"href":"https:\/\/officeplan.pt\/pt\/wp-json\/wp\/v2\/media?parent=10509"}],"wp:term":[{"taxonomy":"product_brand","embeddable":true,"href":"https:\/\/officeplan.pt\/pt\/wp-json\/wp\/v2\/product_brand?post=10509"},{"taxonomy":"product_cat","embeddable":true,"href":"https:\/\/officeplan.pt\/pt\/wp-json\/wp\/v2\/product_cat?post=10509"},{"taxonomy":"product_tag","embeddable":true,"href":"https:\/\/officeplan.pt\/pt\/wp-json\/wp\/v2\/product_tag?post=10509"}],"curies":[{"name":"wp","href":"https:\/\/api.w.org\/{rel}","templated":true}]}}