{"id":10730,"date":"2023-07-15T11:41:39","date_gmt":"2023-07-15T11:41:39","guid":{"rendered":"https:\/\/www.officeplan.pt\/pt\/?post_type=product&#038;p=10730"},"modified":"2023-07-15T11:55:41","modified_gmt":"2023-07-15T11:55:41","slug":"cadeira-eden","status":"publish","type":"product","link":"https:\/\/officeplan.pt\/pt\/produto\/cadeira-eden\/","title":{"rendered":"Cadeira Eden"},"content":{"rendered":"<p>Costa \/ assento: casco \u00fanico em madeira com espuma altadensidade, revestida a tecido ou<br \/>\npele sint\u00e9tica<\/p>\n<p>Mecanismo: sistema de eleva\u00e7\u00e3o simples<br \/>\nBase: redonda em ferro cromado<\/p>\n<p>Para outras cores e revestimentos pre\u00e7o sob consulta.<\/p>\n","protected":false},"excerpt":{"rendered":"<p>Costa \/ assento: casco \u00fanico em madeira com espuma altadensidade, revestida a tecido ou pele sint\u00e9tica Mecanismo: sistema de eleva\u00e7\u00e3o<\/p>\n","protected":false},"featured_media":10731,"template":"","meta":[],"product_brand":[],"product_cat":[105,109],"product_tag":[151,530,388],"class_list":{"0":"post-10730","1":"product","2":"type-product","3":"status-publish","4":"has-post-thumbnail","6":"product_cat-cadeiras","7":"product_cat-sofas-sala-de-espera","8":"product_tag-cadeira","9":"product_tag-escritorio","10":"product_tag-sala-de-espera","12":"first","13":"instock","14":"taxable","15":"shipping-taxable","16":"purchasable","17":"product-type-simple"},"aioseo_notices":[],"jetpack_sharing_enabled":true,"_links":{"self":[{"href":"https:\/\/officeplan.pt\/pt\/wp-json\/wp\/v2\/product\/10730","targetHints":{"allow":["GET"]}}],"collection":[{"href":"https:\/\/officeplan.pt\/pt\/wp-json\/wp\/v2\/product"}],"about":[{"href":"https:\/\/officeplan.pt\/pt\/wp-json\/wp\/v2\/types\/product"}],"version-history":[{"count":1,"href":"https:\/\/officeplan.pt\/pt\/wp-json\/wp\/v2\/product\/10730\/revisions"}],"predecessor-version":[{"id":10732,"href":"https:\/\/officeplan.pt\/pt\/wp-json\/wp\/v2\/product\/10730\/revisions\/10732"}],"wp:featuredmedia":[{"embeddable":true,"href":"https:\/\/officeplan.pt\/pt\/wp-json\/wp\/v2\/media\/10731"}],"wp:attachment":[{"href":"https:\/\/officeplan.pt\/pt\/wp-json\/wp\/v2\/media?parent=10730"}],"wp:term":[{"taxonomy":"product_brand","embeddable":true,"href":"https:\/\/officeplan.pt\/pt\/wp-json\/wp\/v2\/product_brand?post=10730"},{"taxonomy":"product_cat","embeddable":true,"href":"https:\/\/officeplan.pt\/pt\/wp-json\/wp\/v2\/product_cat?post=10730"},{"taxonomy":"product_tag","embeddable":true,"href":"https:\/\/officeplan.pt\/pt\/wp-json\/wp\/v2\/product_tag?post=10730"}],"curies":[{"name":"wp","href":"https:\/\/api.w.org\/{rel}","templated":true}]}}