{"id":10733,"date":"2023-07-15T11:43:51","date_gmt":"2023-07-15T11:43:51","guid":{"rendered":"https:\/\/www.officeplan.pt\/pt\/?post_type=product&#038;p=10733"},"modified":"2023-07-15T11:43:51","modified_gmt":"2023-07-15T11:43:51","slug":"cadeira-sally","status":"publish","type":"product","link":"https:\/\/officeplan.pt\/pt\/produto\/cadeira-sally\/","title":{"rendered":"Cadeira Sally"},"content":{"rendered":"<p>Costa\/Assento: casco \u00fanico em metal e madeira com espuma alta densidade, revestida a<br \/>\ntecido ou pele sint\u00e9tica<\/p>\n<p>Base: 4 p\u00e9s em ferro pintado<\/p>\n<p>Para outras cores e revestimentos pre\u00e7o sob consulta<\/p>\n","protected":false},"excerpt":{"rendered":"<p>Costa\/Assento: casco \u00fanico em metal e madeira com espuma alta densidade, revestida a tecido ou pele sint\u00e9tica Base: 4 p\u00e9s<\/p>\n","protected":false},"featured_media":10735,"template":"","meta":[],"product_brand":[],"product_cat":[105,109],"product_tag":[151,530,388],"class_list":{"0":"post-10733","1":"product","2":"type-product","3":"status-publish","4":"has-post-thumbnail","6":"product_cat-cadeiras","7":"product_cat-sofas-sala-de-espera","8":"product_tag-cadeira","9":"product_tag-escritorio","10":"product_tag-sala-de-espera","12":"first","13":"instock","14":"taxable","15":"shipping-taxable","16":"purchasable","17":"product-type-simple"},"aioseo_notices":[],"jetpack_sharing_enabled":true,"_links":{"self":[{"href":"https:\/\/officeplan.pt\/pt\/wp-json\/wp\/v2\/product\/10733","targetHints":{"allow":["GET"]}}],"collection":[{"href":"https:\/\/officeplan.pt\/pt\/wp-json\/wp\/v2\/product"}],"about":[{"href":"https:\/\/officeplan.pt\/pt\/wp-json\/wp\/v2\/types\/product"}],"version-history":[{"count":1,"href":"https:\/\/officeplan.pt\/pt\/wp-json\/wp\/v2\/product\/10733\/revisions"}],"predecessor-version":[{"id":10736,"href":"https:\/\/officeplan.pt\/pt\/wp-json\/wp\/v2\/product\/10733\/revisions\/10736"}],"wp:featuredmedia":[{"embeddable":true,"href":"https:\/\/officeplan.pt\/pt\/wp-json\/wp\/v2\/media\/10735"}],"wp:attachment":[{"href":"https:\/\/officeplan.pt\/pt\/wp-json\/wp\/v2\/media?parent=10733"}],"wp:term":[{"taxonomy":"product_brand","embeddable":true,"href":"https:\/\/officeplan.pt\/pt\/wp-json\/wp\/v2\/product_brand?post=10733"},{"taxonomy":"product_cat","embeddable":true,"href":"https:\/\/officeplan.pt\/pt\/wp-json\/wp\/v2\/product_cat?post=10733"},{"taxonomy":"product_tag","embeddable":true,"href":"https:\/\/officeplan.pt\/pt\/wp-json\/wp\/v2\/product_tag?post=10733"}],"curies":[{"name":"wp","href":"https:\/\/api.w.org\/{rel}","templated":true}]}}