{"id":10737,"date":"2023-07-15T11:46:06","date_gmt":"2023-07-15T11:46:06","guid":{"rendered":"https:\/\/www.officeplan.pt\/pt\/?post_type=product&#038;p=10737"},"modified":"2023-07-15T11:46:06","modified_gmt":"2023-07-15T11:46:06","slug":"cadeira-sallywood","status":"publish","type":"product","link":"https:\/\/officeplan.pt\/pt\/produto\/cadeira-sallywood\/","title":{"rendered":"Cadeira Sallywood"},"content":{"rendered":"<p>Costa\/Assento: casco \u00fanico em metal e madeira com espuma alta densidade, revestida a<br \/>\ntecido ou pele sint\u00e9tica<\/p>\n<p>Base: 4 p\u00e9s em madeira de faia envernizada<\/p>\n","protected":false},"excerpt":{"rendered":"<p>Costa\/Assento: casco \u00fanico em metal e madeira com espuma alta densidade, revestida a tecido ou pele sint\u00e9tica Base: 4 p\u00e9s<\/p>\n","protected":false},"featured_media":10739,"template":"","meta":[],"product_brand":[],"product_cat":[105,109],"product_tag":[151,530,388],"class_list":{"0":"post-10737","1":"product","2":"type-product","3":"status-publish","4":"has-post-thumbnail","6":"product_cat-cadeiras","7":"product_cat-sofas-sala-de-espera","8":"product_tag-cadeira","9":"product_tag-escritorio","10":"product_tag-sala-de-espera","12":"first","13":"instock","14":"taxable","15":"shipping-taxable","16":"purchasable","17":"product-type-simple"},"aioseo_notices":[],"jetpack_sharing_enabled":true,"_links":{"self":[{"href":"https:\/\/officeplan.pt\/pt\/wp-json\/wp\/v2\/product\/10737","targetHints":{"allow":["GET"]}}],"collection":[{"href":"https:\/\/officeplan.pt\/pt\/wp-json\/wp\/v2\/product"}],"about":[{"href":"https:\/\/officeplan.pt\/pt\/wp-json\/wp\/v2\/types\/product"}],"version-history":[{"count":1,"href":"https:\/\/officeplan.pt\/pt\/wp-json\/wp\/v2\/product\/10737\/revisions"}],"predecessor-version":[{"id":10740,"href":"https:\/\/officeplan.pt\/pt\/wp-json\/wp\/v2\/product\/10737\/revisions\/10740"}],"wp:featuredmedia":[{"embeddable":true,"href":"https:\/\/officeplan.pt\/pt\/wp-json\/wp\/v2\/media\/10739"}],"wp:attachment":[{"href":"https:\/\/officeplan.pt\/pt\/wp-json\/wp\/v2\/media?parent=10737"}],"wp:term":[{"taxonomy":"product_brand","embeddable":true,"href":"https:\/\/officeplan.pt\/pt\/wp-json\/wp\/v2\/product_brand?post=10737"},{"taxonomy":"product_cat","embeddable":true,"href":"https:\/\/officeplan.pt\/pt\/wp-json\/wp\/v2\/product_cat?post=10737"},{"taxonomy":"product_tag","embeddable":true,"href":"https:\/\/officeplan.pt\/pt\/wp-json\/wp\/v2\/product_tag?post=10737"}],"curies":[{"name":"wp","href":"https:\/\/api.w.org\/{rel}","templated":true}]}}