{"id":10741,"date":"2023-07-15T11:49:17","date_gmt":"2023-07-15T11:49:17","guid":{"rendered":"https:\/\/www.officeplan.pt\/pt\/?post_type=product&#038;p=10741"},"modified":"2023-07-15T11:49:17","modified_gmt":"2023-07-15T11:49:17","slug":"banco-ginga","status":"publish","type":"product","link":"https:\/\/officeplan.pt\/pt\/produto\/banco-ginga\/","title":{"rendered":"Banco Ginga"},"content":{"rendered":"<p>Banco oscilante e girat\u00f3rio, regul\u00e1vel em atura, com estofo em tecido ou pele sint\u00e9tica<\/p>\n<p>Cores disponiveis: Branco, preto e vermelho<\/p>\n<p>Para outras cores e revestimentos pre\u00e7o sob consulta<\/p>\n","protected":false},"excerpt":{"rendered":"<p>Banco oscilante e girat\u00f3rio, regul\u00e1vel em atura, com estofo em tecido ou pele sint\u00e9tica Cores disponiveis: Branco, preto e vermelho<\/p>\n","protected":false},"featured_media":10743,"template":"","meta":[],"product_brand":[],"product_cat":[105,109],"product_tag":[814,669,388],"class_list":{"0":"post-10741","1":"product","2":"type-product","3":"status-publish","4":"has-post-thumbnail","6":"product_cat-cadeiras","7":"product_cat-sofas-sala-de-espera","8":"product_tag-banco","9":"product_tag-cadeiras","10":"product_tag-sala-de-espera","12":"first","13":"instock","14":"taxable","15":"shipping-taxable","16":"purchasable","17":"product-type-simple"},"aioseo_notices":[],"jetpack_sharing_enabled":true,"_links":{"self":[{"href":"https:\/\/officeplan.pt\/pt\/wp-json\/wp\/v2\/product\/10741","targetHints":{"allow":["GET"]}}],"collection":[{"href":"https:\/\/officeplan.pt\/pt\/wp-json\/wp\/v2\/product"}],"about":[{"href":"https:\/\/officeplan.pt\/pt\/wp-json\/wp\/v2\/types\/product"}],"version-history":[{"count":2,"href":"https:\/\/officeplan.pt\/pt\/wp-json\/wp\/v2\/product\/10741\/revisions"}],"predecessor-version":[{"id":10745,"href":"https:\/\/officeplan.pt\/pt\/wp-json\/wp\/v2\/product\/10741\/revisions\/10745"}],"wp:featuredmedia":[{"embeddable":true,"href":"https:\/\/officeplan.pt\/pt\/wp-json\/wp\/v2\/media\/10743"}],"wp:attachment":[{"href":"https:\/\/officeplan.pt\/pt\/wp-json\/wp\/v2\/media?parent=10741"}],"wp:term":[{"taxonomy":"product_brand","embeddable":true,"href":"https:\/\/officeplan.pt\/pt\/wp-json\/wp\/v2\/product_brand?post=10741"},{"taxonomy":"product_cat","embeddable":true,"href":"https:\/\/officeplan.pt\/pt\/wp-json\/wp\/v2\/product_cat?post=10741"},{"taxonomy":"product_tag","embeddable":true,"href":"https:\/\/officeplan.pt\/pt\/wp-json\/wp\/v2\/product_tag?post=10741"}],"curies":[{"name":"wp","href":"https:\/\/api.w.org\/{rel}","templated":true}]}}