{"id":10765,"date":"2023-07-16T14:05:32","date_gmt":"2023-07-16T14:05:32","guid":{"rendered":"https:\/\/www.officeplan.pt\/pt\/?post_type=product&#038;p=10765"},"modified":"2023-07-16T14:05:33","modified_gmt":"2023-07-16T14:05:33","slug":"cadeira-crown","status":"publish","type":"product","link":"https:\/\/officeplan.pt\/pt\/produto\/cadeira-crown\/","title":{"rendered":"Cadeira Crown"},"content":{"rendered":"<p>Cadeira Crown, costa alta, mecanismo oscilante com tr\u00eas posi\u00e7\u00f5es de bloqueio.<br \/>\nBase em alum\u00ednio polido \u00d8660mm<br \/>\nPar de bra\u00e7os inclu\u00eddo<\/p>\n","protected":false},"excerpt":{"rendered":"<p>Cadeira Crown, costa alta, mecanismo oscilante com tr\u00eas posi\u00e7\u00f5es de bloqueio. Base em alum\u00ednio polido \u00d8660mm Par de bra\u00e7os inclu\u00eddo<\/p>\n","protected":false},"featured_media":10766,"template":"","meta":[],"product_brand":[],"product_cat":[106,105],"product_tag":[151,530],"class_list":{"0":"post-10765","1":"product","2":"type-product","3":"status-publish","4":"has-post-thumbnail","6":"product_cat-cadeira-direcao","7":"product_cat-cadeiras","8":"product_tag-cadeira","9":"product_tag-escritorio","11":"first","12":"instock","13":"taxable","14":"shipping-taxable","15":"purchasable","16":"product-type-simple"},"aioseo_notices":[],"jetpack_sharing_enabled":true,"_links":{"self":[{"href":"https:\/\/officeplan.pt\/pt\/wp-json\/wp\/v2\/product\/10765","targetHints":{"allow":["GET"]}}],"collection":[{"href":"https:\/\/officeplan.pt\/pt\/wp-json\/wp\/v2\/product"}],"about":[{"href":"https:\/\/officeplan.pt\/pt\/wp-json\/wp\/v2\/types\/product"}],"version-history":[{"count":1,"href":"https:\/\/officeplan.pt\/pt\/wp-json\/wp\/v2\/product\/10765\/revisions"}],"predecessor-version":[{"id":10767,"href":"https:\/\/officeplan.pt\/pt\/wp-json\/wp\/v2\/product\/10765\/revisions\/10767"}],"wp:featuredmedia":[{"embeddable":true,"href":"https:\/\/officeplan.pt\/pt\/wp-json\/wp\/v2\/media\/10766"}],"wp:attachment":[{"href":"https:\/\/officeplan.pt\/pt\/wp-json\/wp\/v2\/media?parent=10765"}],"wp:term":[{"taxonomy":"product_brand","embeddable":true,"href":"https:\/\/officeplan.pt\/pt\/wp-json\/wp\/v2\/product_brand?post=10765"},{"taxonomy":"product_cat","embeddable":true,"href":"https:\/\/officeplan.pt\/pt\/wp-json\/wp\/v2\/product_cat?post=10765"},{"taxonomy":"product_tag","embeddable":true,"href":"https:\/\/officeplan.pt\/pt\/wp-json\/wp\/v2\/product_tag?post=10765"}],"curies":[{"name":"wp","href":"https:\/\/api.w.org\/{rel}","templated":true}]}}