{"id":10768,"date":"2023-07-16T14:07:28","date_gmt":"2023-07-16T14:07:28","guid":{"rendered":"https:\/\/www.officeplan.pt\/pt\/?post_type=product&#038;p=10768"},"modified":"2023-07-16T14:07:29","modified_gmt":"2023-07-16T14:07:29","slug":"cadeira-durban","status":"publish","type":"product","link":"https:\/\/officeplan.pt\/pt\/produto\/cadeira-durban\/","title":{"rendered":"Cadeira Durban"},"content":{"rendered":"<p>Cadeira Durban, costa alta, mecanismo oscilante com duas posi\u00e7\u00f5es de bloqueio.<br \/>\nBase em alum\u00ednio polido \u00d8660mm<br \/>\nPar de bra\u00e7os inclu\u00eddo<\/p>\n<p>Para outras cores e revestimentos pre\u00e7os sob consulta.<\/p>\n","protected":false},"excerpt":{"rendered":"<p>Cadeira Durban, costa alta, mecanismo oscilante com duas posi\u00e7\u00f5es de bloqueio. Base em alum\u00ednio polido \u00d8660mm Par de bra\u00e7os inclu\u00eddo<\/p>\n","protected":false},"featured_media":10769,"template":"","meta":[],"product_brand":[],"product_cat":[106,105],"product_tag":[151,530],"class_list":{"0":"post-10768","1":"product","2":"type-product","3":"status-publish","4":"has-post-thumbnail","6":"product_cat-cadeira-direcao","7":"product_cat-cadeiras","8":"product_tag-cadeira","9":"product_tag-escritorio","11":"first","12":"instock","13":"taxable","14":"shipping-taxable","15":"purchasable","16":"product-type-simple"},"aioseo_notices":[],"jetpack_sharing_enabled":true,"_links":{"self":[{"href":"https:\/\/officeplan.pt\/pt\/wp-json\/wp\/v2\/product\/10768","targetHints":{"allow":["GET"]}}],"collection":[{"href":"https:\/\/officeplan.pt\/pt\/wp-json\/wp\/v2\/product"}],"about":[{"href":"https:\/\/officeplan.pt\/pt\/wp-json\/wp\/v2\/types\/product"}],"version-history":[{"count":1,"href":"https:\/\/officeplan.pt\/pt\/wp-json\/wp\/v2\/product\/10768\/revisions"}],"predecessor-version":[{"id":10770,"href":"https:\/\/officeplan.pt\/pt\/wp-json\/wp\/v2\/product\/10768\/revisions\/10770"}],"wp:featuredmedia":[{"embeddable":true,"href":"https:\/\/officeplan.pt\/pt\/wp-json\/wp\/v2\/media\/10769"}],"wp:attachment":[{"href":"https:\/\/officeplan.pt\/pt\/wp-json\/wp\/v2\/media?parent=10768"}],"wp:term":[{"taxonomy":"product_brand","embeddable":true,"href":"https:\/\/officeplan.pt\/pt\/wp-json\/wp\/v2\/product_brand?post=10768"},{"taxonomy":"product_cat","embeddable":true,"href":"https:\/\/officeplan.pt\/pt\/wp-json\/wp\/v2\/product_cat?post=10768"},{"taxonomy":"product_tag","embeddable":true,"href":"https:\/\/officeplan.pt\/pt\/wp-json\/wp\/v2\/product_tag?post=10768"}],"curies":[{"name":"wp","href":"https:\/\/api.w.org\/{rel}","templated":true}]}}