{"id":10776,"date":"2023-07-16T15:32:33","date_gmt":"2023-07-16T15:32:33","guid":{"rendered":"https:\/\/www.officeplan.pt\/pt\/?post_type=product&#038;p=10776"},"modified":"2023-07-16T15:32:33","modified_gmt":"2023-07-16T15:32:33","slug":"cadeira-zoen","status":"publish","type":"product","link":"https:\/\/officeplan.pt\/pt\/produto\/cadeira-zoen\/","title":{"rendered":"Cadeira Zoen"},"content":{"rendered":"<p>Cadeira Zoen costa alta FIXA em rede, com apoio lombar e apoio de<br \/>\ncabe\u00e7a ajust\u00e1veis<br \/>\nMecanismo sincronizado com possibildiade de bloqueio em 5 posi\u00e7\u00f5es.<\/p>\n<p>Par de bra\u00e7os n\u00e3o inclu\u00eddo<\/p>\n<p>Op\u00e7\u00e3o: Base piramidal em alum\u00ednio<br \/>\nOp\u00e7\u00e3o: Regula\u00e7\u00e3o da profundidade do assento<br \/>\nOp\u00e7\u00e3o: costa regul\u00e1vel em altura<br \/>\nOp\u00e7\u00e3o: sem apoio\u00a0 de cabe\u00e7a ajust\u00e1vel<\/p>\n<p>Para outras cores e revestimentos com outras op\u00e7\u00f5es pre\u00e7o sob consulta.<\/p>\n","protected":false},"excerpt":{"rendered":"<p>Cadeira Zoen costa alta FIXA em rede, com apoio lombar e apoio de cabe\u00e7a ajust\u00e1veis Mecanismo sincronizado com possibildiade de<\/p>\n","protected":false},"featured_media":10777,"template":"","meta":[],"product_brand":[],"product_cat":[106,105],"product_tag":[151,530],"class_list":{"0":"post-10776","1":"product","2":"type-product","3":"status-publish","4":"has-post-thumbnail","6":"product_cat-cadeira-direcao","7":"product_cat-cadeiras","8":"product_tag-cadeira","9":"product_tag-escritorio","11":"first","12":"instock","13":"taxable","14":"shipping-taxable","15":"purchasable","16":"product-type-simple"},"aioseo_notices":[],"jetpack_sharing_enabled":true,"_links":{"self":[{"href":"https:\/\/officeplan.pt\/pt\/wp-json\/wp\/v2\/product\/10776","targetHints":{"allow":["GET"]}}],"collection":[{"href":"https:\/\/officeplan.pt\/pt\/wp-json\/wp\/v2\/product"}],"about":[{"href":"https:\/\/officeplan.pt\/pt\/wp-json\/wp\/v2\/types\/product"}],"version-history":[{"count":1,"href":"https:\/\/officeplan.pt\/pt\/wp-json\/wp\/v2\/product\/10776\/revisions"}],"predecessor-version":[{"id":10778,"href":"https:\/\/officeplan.pt\/pt\/wp-json\/wp\/v2\/product\/10776\/revisions\/10778"}],"wp:featuredmedia":[{"embeddable":true,"href":"https:\/\/officeplan.pt\/pt\/wp-json\/wp\/v2\/media\/10777"}],"wp:attachment":[{"href":"https:\/\/officeplan.pt\/pt\/wp-json\/wp\/v2\/media?parent=10776"}],"wp:term":[{"taxonomy":"product_brand","embeddable":true,"href":"https:\/\/officeplan.pt\/pt\/wp-json\/wp\/v2\/product_brand?post=10776"},{"taxonomy":"product_cat","embeddable":true,"href":"https:\/\/officeplan.pt\/pt\/wp-json\/wp\/v2\/product_cat?post=10776"},{"taxonomy":"product_tag","embeddable":true,"href":"https:\/\/officeplan.pt\/pt\/wp-json\/wp\/v2\/product_tag?post=10776"}],"curies":[{"name":"wp","href":"https:\/\/api.w.org\/{rel}","templated":true}]}}