{"id":10779,"date":"2023-07-16T15:34:50","date_gmt":"2023-07-16T15:34:50","guid":{"rendered":"https:\/\/www.officeplan.pt\/pt\/?post_type=product&#038;p=10779"},"modified":"2023-07-17T11:02:49","modified_gmt":"2023-07-17T11:02:49","slug":"cadeira-cosmos","status":"publish","type":"product","link":"https:\/\/officeplan.pt\/pt\/produto\/cadeira-cosmos\/","title":{"rendered":"Cadeira Cosmos"},"content":{"rendered":"<p>Cadeira Cosmos costa alta regul\u00e1vel em altura.<br \/>\nMecanismos sincronizado com possibilidade de bloqueio em 5 pos.<br \/>\nBase piramidal em nylon<br \/>\nPar de bra\u00e7os n\u00e3o inclu\u00eddo<\/p>\n<p>Op\u00e7\u00e3o regula\u00e7\u00e3o do assento em profundidade<\/p>\n<p>Para outras cores e revestimentos pre\u00e7o sob consulta.<\/p>\n","protected":false},"excerpt":{"rendered":"<p>Cadeira Cosmos costa alta regul\u00e1vel em altura. Mecanismos sincronizado com possibilidade de bloqueio em 5 pos. Base piramidal em nylon<\/p>\n","protected":false},"featured_media":10780,"template":"","meta":[],"product_brand":[],"product_cat":[107,105],"product_tag":[151,530],"class_list":{"0":"post-10779","1":"product","2":"type-product","3":"status-publish","4":"has-post-thumbnail","6":"product_cat-cadeira-operativa","7":"product_cat-cadeiras","8":"product_tag-cadeira","9":"product_tag-escritorio","11":"first","12":"instock","13":"taxable","14":"shipping-taxable","15":"purchasable","16":"product-type-simple"},"aioseo_notices":[],"jetpack_sharing_enabled":true,"_links":{"self":[{"href":"https:\/\/officeplan.pt\/pt\/wp-json\/wp\/v2\/product\/10779","targetHints":{"allow":["GET"]}}],"collection":[{"href":"https:\/\/officeplan.pt\/pt\/wp-json\/wp\/v2\/product"}],"about":[{"href":"https:\/\/officeplan.pt\/pt\/wp-json\/wp\/v2\/types\/product"}],"version-history":[{"count":1,"href":"https:\/\/officeplan.pt\/pt\/wp-json\/wp\/v2\/product\/10779\/revisions"}],"predecessor-version":[{"id":10781,"href":"https:\/\/officeplan.pt\/pt\/wp-json\/wp\/v2\/product\/10779\/revisions\/10781"}],"wp:featuredmedia":[{"embeddable":true,"href":"https:\/\/officeplan.pt\/pt\/wp-json\/wp\/v2\/media\/10780"}],"wp:attachment":[{"href":"https:\/\/officeplan.pt\/pt\/wp-json\/wp\/v2\/media?parent=10779"}],"wp:term":[{"taxonomy":"product_brand","embeddable":true,"href":"https:\/\/officeplan.pt\/pt\/wp-json\/wp\/v2\/product_brand?post=10779"},{"taxonomy":"product_cat","embeddable":true,"href":"https:\/\/officeplan.pt\/pt\/wp-json\/wp\/v2\/product_cat?post=10779"},{"taxonomy":"product_tag","embeddable":true,"href":"https:\/\/officeplan.pt\/pt\/wp-json\/wp\/v2\/product_tag?post=10779"}],"curies":[{"name":"wp","href":"https:\/\/api.w.org\/{rel}","templated":true}]}}