{"id":10787,"date":"2023-07-17T10:55:42","date_gmt":"2023-07-17T10:55:42","guid":{"rendered":"https:\/\/www.officeplan.pt\/pt\/?post_type=product&#038;p=10787"},"modified":"2023-07-17T10:55:42","modified_gmt":"2023-07-17T10:55:42","slug":"cadeira-star","status":"publish","type":"product","link":"https:\/\/officeplan.pt\/pt\/produto\/cadeira-star\/","title":{"rendered":"Cadeira Star"},"content":{"rendered":"<p>Cadeira STAR costa alta<br \/>\nMecanismo de contacto permanente<br \/>\nSistema de eleva\u00e7\u00e3o simples<\/p>\n<p>Par de bra\u00e7os n\u00e3o inclu\u00eddo<\/p>\n<p>Op\u00e7\u00e3o com costa baixa com apoio de p\u00e9s em nylon<\/p>\n<p>Para outras cores, revestimentos e outras op\u00e7\u00f5es pre\u00e7o sob consulta.<\/p>\n","protected":false},"excerpt":{"rendered":"<p>Cadeira STAR costa alta Mecanismo de contacto permanente Sistema de eleva\u00e7\u00e3o simples Par de bra\u00e7os n\u00e3o inclu\u00eddo Op\u00e7\u00e3o com costa<\/p>\n","protected":false},"featured_media":10790,"template":"","meta":[],"product_brand":[],"product_cat":[107,105],"product_tag":[],"class_list":{"0":"post-10787","1":"product","2":"type-product","3":"status-publish","4":"has-post-thumbnail","6":"product_cat-cadeira-operativa","7":"product_cat-cadeiras","9":"first","10":"instock","11":"taxable","12":"shipping-taxable","13":"product-type-simple"},"aioseo_notices":[],"jetpack_sharing_enabled":true,"_links":{"self":[{"href":"https:\/\/officeplan.pt\/pt\/wp-json\/wp\/v2\/product\/10787","targetHints":{"allow":["GET"]}}],"collection":[{"href":"https:\/\/officeplan.pt\/pt\/wp-json\/wp\/v2\/product"}],"about":[{"href":"https:\/\/officeplan.pt\/pt\/wp-json\/wp\/v2\/types\/product"}],"version-history":[{"count":1,"href":"https:\/\/officeplan.pt\/pt\/wp-json\/wp\/v2\/product\/10787\/revisions"}],"predecessor-version":[{"id":10791,"href":"https:\/\/officeplan.pt\/pt\/wp-json\/wp\/v2\/product\/10787\/revisions\/10791"}],"wp:featuredmedia":[{"embeddable":true,"href":"https:\/\/officeplan.pt\/pt\/wp-json\/wp\/v2\/media\/10790"}],"wp:attachment":[{"href":"https:\/\/officeplan.pt\/pt\/wp-json\/wp\/v2\/media?parent=10787"}],"wp:term":[{"taxonomy":"product_brand","embeddable":true,"href":"https:\/\/officeplan.pt\/pt\/wp-json\/wp\/v2\/product_brand?post=10787"},{"taxonomy":"product_cat","embeddable":true,"href":"https:\/\/officeplan.pt\/pt\/wp-json\/wp\/v2\/product_cat?post=10787"},{"taxonomy":"product_tag","embeddable":true,"href":"https:\/\/officeplan.pt\/pt\/wp-json\/wp\/v2\/product_tag?post=10787"}],"curies":[{"name":"wp","href":"https:\/\/api.w.org\/{rel}","templated":true}]}}