{"id":10789,"date":"2023-07-17T11:09:32","date_gmt":"2023-07-17T11:09:32","guid":{"rendered":"https:\/\/www.officeplan.pt\/pt\/?post_type=product&#038;p=10789"},"modified":"2023-07-17T11:09:34","modified_gmt":"2023-07-17T11:09:34","slug":"cadeira-classica","status":"publish","type":"product","link":"https:\/\/officeplan.pt\/pt\/produto\/cadeira-classica\/","title":{"rendered":"Cadeira Cl\u00e1ssica"},"content":{"rendered":"<p>Cadeira CL\u00c1SSICA costa alta<br \/>\nMecanismo de contacto permanente<br \/>\nSistema de eleva\u00e7\u00e3o simples<br \/>\nPar de bra\u00e7os n\u00e3o inclu\u00eddo<\/p>\n<p>Op\u00e7\u00e3o com costa baixa e apoio de p\u00e9s em nylon.<\/p>\n<p>Op\u00e7\u00e3o com costa baixa e estrutura de patim em ferro pintado a epoxy preto.<\/p>\n<p>Para outras cores, revestimentos e op\u00e7\u00f5es pre\u00e7o sob consulta.<\/p>\n<p>&nbsp;<\/p>\n","protected":false},"excerpt":{"rendered":"<p>Cadeira CL\u00c1SSICA costa alta Mecanismo de contacto permanente Sistema de eleva\u00e7\u00e3o simples Par de bra\u00e7os n\u00e3o inclu\u00eddo Op\u00e7\u00e3o com costa<\/p>\n","protected":false},"featured_media":10792,"template":"","meta":[],"product_brand":[],"product_cat":[107,105],"product_tag":[151,530],"class_list":{"0":"post-10789","1":"product","2":"type-product","3":"status-publish","4":"has-post-thumbnail","6":"product_cat-cadeira-operativa","7":"product_cat-cadeiras","8":"product_tag-cadeira","9":"product_tag-escritorio","11":"first","12":"instock","13":"taxable","14":"shipping-taxable","15":"purchasable","16":"product-type-simple"},"aioseo_notices":[],"jetpack_sharing_enabled":true,"_links":{"self":[{"href":"https:\/\/officeplan.pt\/pt\/wp-json\/wp\/v2\/product\/10789","targetHints":{"allow":["GET"]}}],"collection":[{"href":"https:\/\/officeplan.pt\/pt\/wp-json\/wp\/v2\/product"}],"about":[{"href":"https:\/\/officeplan.pt\/pt\/wp-json\/wp\/v2\/types\/product"}],"version-history":[{"count":2,"href":"https:\/\/officeplan.pt\/pt\/wp-json\/wp\/v2\/product\/10789\/revisions"}],"predecessor-version":[{"id":10957,"href":"https:\/\/officeplan.pt\/pt\/wp-json\/wp\/v2\/product\/10789\/revisions\/10957"}],"wp:featuredmedia":[{"embeddable":true,"href":"https:\/\/officeplan.pt\/pt\/wp-json\/wp\/v2\/media\/10792"}],"wp:attachment":[{"href":"https:\/\/officeplan.pt\/pt\/wp-json\/wp\/v2\/media?parent=10789"}],"wp:term":[{"taxonomy":"product_brand","embeddable":true,"href":"https:\/\/officeplan.pt\/pt\/wp-json\/wp\/v2\/product_brand?post=10789"},{"taxonomy":"product_cat","embeddable":true,"href":"https:\/\/officeplan.pt\/pt\/wp-json\/wp\/v2\/product_cat?post=10789"},{"taxonomy":"product_tag","embeddable":true,"href":"https:\/\/officeplan.pt\/pt\/wp-json\/wp\/v2\/product_tag?post=10789"}],"curies":[{"name":"wp","href":"https:\/\/api.w.org\/{rel}","templated":true}]}}