{"id":10953,"date":"2023-07-25T14:17:56","date_gmt":"2023-07-25T14:17:56","guid":{"rendered":"https:\/\/www.officeplan.pt\/pt\/?post_type=product&#038;p=10953"},"modified":"2023-07-25T14:17:56","modified_gmt":"2023-07-25T14:17:56","slug":"cadeira-duny","status":"publish","type":"product","link":"https:\/\/officeplan.pt\/pt\/produto\/cadeira-duny\/","title":{"rendered":"Cadeira Duny"},"content":{"rendered":"<p>Cadeira DUNY costa alta<br \/>\nMecanismo de contacto permanente<br \/>\nSistema de eleva\u00e7\u00e3o simples<\/p>\n<p>Par de bra\u00e7os n\u00e3o inclu\u00eddo<\/p>\n<p>Op\u00e7\u00e3o com costa baixa e mecanismo de contacto permanente, com estrutura de patim em ferro pintado a epoxy preto.<\/p>\n<p>&nbsp;<\/p>\n","protected":false},"excerpt":{"rendered":"<p>Cadeira DUNY costa alta Mecanismo de contacto permanente Sistema de eleva\u00e7\u00e3o simples Par de bra\u00e7os n\u00e3o inclu\u00eddo Op\u00e7\u00e3o com costa<\/p>\n","protected":false},"featured_media":10954,"template":"","meta":[],"product_brand":[],"product_cat":[107,105],"product_tag":[151,530],"class_list":{"0":"post-10953","1":"product","2":"type-product","3":"status-publish","4":"has-post-thumbnail","6":"product_cat-cadeira-operativa","7":"product_cat-cadeiras","8":"product_tag-cadeira","9":"product_tag-escritorio","11":"first","12":"instock","13":"taxable","14":"shipping-taxable","15":"purchasable","16":"product-type-simple"},"aioseo_notices":[],"jetpack_sharing_enabled":true,"_links":{"self":[{"href":"https:\/\/officeplan.pt\/pt\/wp-json\/wp\/v2\/product\/10953","targetHints":{"allow":["GET"]}}],"collection":[{"href":"https:\/\/officeplan.pt\/pt\/wp-json\/wp\/v2\/product"}],"about":[{"href":"https:\/\/officeplan.pt\/pt\/wp-json\/wp\/v2\/types\/product"}],"version-history":[{"count":1,"href":"https:\/\/officeplan.pt\/pt\/wp-json\/wp\/v2\/product\/10953\/revisions"}],"predecessor-version":[{"id":10955,"href":"https:\/\/officeplan.pt\/pt\/wp-json\/wp\/v2\/product\/10953\/revisions\/10955"}],"wp:featuredmedia":[{"embeddable":true,"href":"https:\/\/officeplan.pt\/pt\/wp-json\/wp\/v2\/media\/10954"}],"wp:attachment":[{"href":"https:\/\/officeplan.pt\/pt\/wp-json\/wp\/v2\/media?parent=10953"}],"wp:term":[{"taxonomy":"product_brand","embeddable":true,"href":"https:\/\/officeplan.pt\/pt\/wp-json\/wp\/v2\/product_brand?post=10953"},{"taxonomy":"product_cat","embeddable":true,"href":"https:\/\/officeplan.pt\/pt\/wp-json\/wp\/v2\/product_cat?post=10953"},{"taxonomy":"product_tag","embeddable":true,"href":"https:\/\/officeplan.pt\/pt\/wp-json\/wp\/v2\/product_tag?post=10953"}],"curies":[{"name":"wp","href":"https:\/\/api.w.org\/{rel}","templated":true}]}}