{"id":10963,"date":"2023-07-25T14:37:15","date_gmt":"2023-07-25T14:37:15","guid":{"rendered":"https:\/\/www.officeplan.pt\/pt\/?post_type=product&#038;p=10963"},"modified":"2023-07-25T14:37:15","modified_gmt":"2023-07-25T14:37:15","slug":"bracos-fritz","status":"publish","type":"product","link":"https:\/\/officeplan.pt\/pt\/produto\/bracos-fritz\/","title":{"rendered":"Bra\u00e7os Fritz"},"content":{"rendered":"<p>Par de bra\u00e7os 1D | regul\u00e1veis em altura &#8211; modelo Fritz<\/p>\n","protected":false},"excerpt":{"rendered":"<p>Par de bra\u00e7os 1D | regul\u00e1veis em altura &#8211; modelo Fritz<\/p>\n","protected":false},"featured_media":10964,"template":"","meta":[],"product_brand":[],"product_cat":[776,105],"product_tag":[778,530],"class_list":{"0":"post-10963","1":"product","2":"type-product","3":"status-publish","4":"has-post-thumbnail","6":"product_cat-bracos-de-cadeiras","7":"product_cat-cadeiras","8":"product_tag-bracos-de-cadeira","9":"product_tag-escritorio","11":"first","12":"instock","13":"taxable","14":"shipping-taxable","15":"purchasable","16":"product-type-simple"},"aioseo_notices":[],"jetpack_sharing_enabled":true,"_links":{"self":[{"href":"https:\/\/officeplan.pt\/pt\/wp-json\/wp\/v2\/product\/10963","targetHints":{"allow":["GET"]}}],"collection":[{"href":"https:\/\/officeplan.pt\/pt\/wp-json\/wp\/v2\/product"}],"about":[{"href":"https:\/\/officeplan.pt\/pt\/wp-json\/wp\/v2\/types\/product"}],"version-history":[{"count":1,"href":"https:\/\/officeplan.pt\/pt\/wp-json\/wp\/v2\/product\/10963\/revisions"}],"predecessor-version":[{"id":10965,"href":"https:\/\/officeplan.pt\/pt\/wp-json\/wp\/v2\/product\/10963\/revisions\/10965"}],"wp:featuredmedia":[{"embeddable":true,"href":"https:\/\/officeplan.pt\/pt\/wp-json\/wp\/v2\/media\/10964"}],"wp:attachment":[{"href":"https:\/\/officeplan.pt\/pt\/wp-json\/wp\/v2\/media?parent=10963"}],"wp:term":[{"taxonomy":"product_brand","embeddable":true,"href":"https:\/\/officeplan.pt\/pt\/wp-json\/wp\/v2\/product_brand?post=10963"},{"taxonomy":"product_cat","embeddable":true,"href":"https:\/\/officeplan.pt\/pt\/wp-json\/wp\/v2\/product_cat?post=10963"},{"taxonomy":"product_tag","embeddable":true,"href":"https:\/\/officeplan.pt\/pt\/wp-json\/wp\/v2\/product_tag?post=10963"}],"curies":[{"name":"wp","href":"https:\/\/api.w.org\/{rel}","templated":true}]}}