{"id":10969,"date":"2023-07-26T14:17:10","date_gmt":"2023-07-26T14:17:10","guid":{"rendered":"https:\/\/www.officeplan.pt\/pt\/?post_type=product&#038;p=10969"},"modified":"2023-07-26T14:17:11","modified_gmt":"2023-07-26T14:17:11","slug":"bracos-fritz-b","status":"publish","type":"product","link":"https:\/\/officeplan.pt\/pt\/produto\/bracos-fritz-b\/","title":{"rendered":"Bra\u00e7os Fritz B"},"content":{"rendered":"<p>Par de bra\u00e7os regul\u00e1veis em altura 1D &#8211; modelo Fritz | branco<\/p>\n","protected":false},"excerpt":{"rendered":"<p>Par de bra\u00e7os regul\u00e1veis em altura 1D &#8211; modelo Fritz | branco<\/p>\n","protected":false},"featured_media":10970,"template":"","meta":[],"product_brand":[],"product_cat":[776,105],"product_tag":[778,530],"class_list":{"0":"post-10969","1":"product","2":"type-product","3":"status-publish","4":"has-post-thumbnail","6":"product_cat-bracos-de-cadeiras","7":"product_cat-cadeiras","8":"product_tag-bracos-de-cadeira","9":"product_tag-escritorio","11":"first","12":"instock","13":"taxable","14":"shipping-taxable","15":"purchasable","16":"product-type-simple"},"aioseo_notices":[],"jetpack_sharing_enabled":true,"_links":{"self":[{"href":"https:\/\/officeplan.pt\/pt\/wp-json\/wp\/v2\/product\/10969","targetHints":{"allow":["GET"]}}],"collection":[{"href":"https:\/\/officeplan.pt\/pt\/wp-json\/wp\/v2\/product"}],"about":[{"href":"https:\/\/officeplan.pt\/pt\/wp-json\/wp\/v2\/types\/product"}],"version-history":[{"count":1,"href":"https:\/\/officeplan.pt\/pt\/wp-json\/wp\/v2\/product\/10969\/revisions"}],"predecessor-version":[{"id":10971,"href":"https:\/\/officeplan.pt\/pt\/wp-json\/wp\/v2\/product\/10969\/revisions\/10971"}],"wp:featuredmedia":[{"embeddable":true,"href":"https:\/\/officeplan.pt\/pt\/wp-json\/wp\/v2\/media\/10970"}],"wp:attachment":[{"href":"https:\/\/officeplan.pt\/pt\/wp-json\/wp\/v2\/media?parent=10969"}],"wp:term":[{"taxonomy":"product_brand","embeddable":true,"href":"https:\/\/officeplan.pt\/pt\/wp-json\/wp\/v2\/product_brand?post=10969"},{"taxonomy":"product_cat","embeddable":true,"href":"https:\/\/officeplan.pt\/pt\/wp-json\/wp\/v2\/product_cat?post=10969"},{"taxonomy":"product_tag","embeddable":true,"href":"https:\/\/officeplan.pt\/pt\/wp-json\/wp\/v2\/product_tag?post=10969"}],"curies":[{"name":"wp","href":"https:\/\/api.w.org\/{rel}","templated":true}]}}