{"id":10975,"date":"2023-07-26T17:30:58","date_gmt":"2023-07-26T17:30:58","guid":{"rendered":"https:\/\/www.officeplan.pt\/pt\/?post_type=product&#038;p=10975"},"modified":"2023-07-26T17:30:59","modified_gmt":"2023-07-26T17:30:59","slug":"bracos-koan","status":"publish","type":"product","link":"https:\/\/officeplan.pt\/pt\/produto\/bracos-koan\/","title":{"rendered":"Bra\u00e7os Koan"},"content":{"rendered":"<p>Par de bra\u00e7os regul\u00e1veis 4D: altura, largura, profundidade e oscila\u00e7\u00e3o do apoio de bra\u00e7o.<br \/>\nCorpo em branco e apoio em PU preto &#8211; modelo KOAN<\/p>\n","protected":false},"excerpt":{"rendered":"<p>Par de bra\u00e7os regul\u00e1veis 4D: altura, largura, profundidade e oscila\u00e7\u00e3o do apoio de bra\u00e7o. Corpo em branco e apoio em<\/p>\n","protected":false},"featured_media":10976,"template":"","meta":[],"product_brand":[],"product_cat":[776,105],"product_tag":[816,530],"class_list":{"0":"post-10975","1":"product","2":"type-product","3":"status-publish","4":"has-post-thumbnail","6":"product_cat-bracos-de-cadeiras","7":"product_cat-cadeiras","8":"product_tag-bracos-de-escritorio","9":"product_tag-escritorio","11":"first","12":"instock","13":"taxable","14":"shipping-taxable","15":"purchasable","16":"product-type-simple"},"aioseo_notices":[],"jetpack_sharing_enabled":true,"_links":{"self":[{"href":"https:\/\/officeplan.pt\/pt\/wp-json\/wp\/v2\/product\/10975","targetHints":{"allow":["GET"]}}],"collection":[{"href":"https:\/\/officeplan.pt\/pt\/wp-json\/wp\/v2\/product"}],"about":[{"href":"https:\/\/officeplan.pt\/pt\/wp-json\/wp\/v2\/types\/product"}],"version-history":[{"count":1,"href":"https:\/\/officeplan.pt\/pt\/wp-json\/wp\/v2\/product\/10975\/revisions"}],"predecessor-version":[{"id":10977,"href":"https:\/\/officeplan.pt\/pt\/wp-json\/wp\/v2\/product\/10975\/revisions\/10977"}],"wp:featuredmedia":[{"embeddable":true,"href":"https:\/\/officeplan.pt\/pt\/wp-json\/wp\/v2\/media\/10976"}],"wp:attachment":[{"href":"https:\/\/officeplan.pt\/pt\/wp-json\/wp\/v2\/media?parent=10975"}],"wp:term":[{"taxonomy":"product_brand","embeddable":true,"href":"https:\/\/officeplan.pt\/pt\/wp-json\/wp\/v2\/product_brand?post=10975"},{"taxonomy":"product_cat","embeddable":true,"href":"https:\/\/officeplan.pt\/pt\/wp-json\/wp\/v2\/product_cat?post=10975"},{"taxonomy":"product_tag","embeddable":true,"href":"https:\/\/officeplan.pt\/pt\/wp-json\/wp\/v2\/product_tag?post=10975"}],"curies":[{"name":"wp","href":"https:\/\/api.w.org\/{rel}","templated":true}]}}