{"id":10984,"date":"2023-07-27T10:54:25","date_gmt":"2023-07-27T10:54:25","guid":{"rendered":"https:\/\/www.officeplan.pt\/pt\/?post_type=product&#038;p=10984"},"modified":"2023-07-27T10:54:26","modified_gmt":"2023-07-27T10:54:26","slug":"cadeira-jakob-230","status":"publish","type":"product","link":"https:\/\/officeplan.pt\/pt\/produto\/cadeira-jakob-230\/","title":{"rendered":"Cadeira Jakob 230"},"content":{"rendered":"<p>Cadeira moldelo JAKOB 230<br \/>\nCasco \u00fanico em faia envernizada<br \/>\nEstrutura em tubo \u00d816 x 2mm em ferro cromado<\/p>\n<p>Op\u00e7\u00e3o de vers\u00e3o com estrutura pintada a preto ou cinza com pre\u00e7o sob consulta.<\/p>\n","protected":false},"excerpt":{"rendered":"<p>Cadeira moldelo JAKOB 230 Casco \u00fanico em faia envernizada Estrutura em tubo \u00d816 x 2mm em ferro cromado Op\u00e7\u00e3o de<\/p>\n","protected":false},"featured_media":10985,"template":"","meta":[],"product_brand":[],"product_cat":[108,105],"product_tag":[151,530],"class_list":{"0":"post-10984","1":"product","2":"type-product","3":"status-publish","4":"has-post-thumbnail","6":"product_cat-cadeira-multi-usos","7":"product_cat-cadeiras","8":"product_tag-cadeira","9":"product_tag-escritorio","11":"first","12":"instock","13":"taxable","14":"shipping-taxable","15":"purchasable","16":"product-type-simple"},"aioseo_notices":[],"jetpack_sharing_enabled":true,"_links":{"self":[{"href":"https:\/\/officeplan.pt\/pt\/wp-json\/wp\/v2\/product\/10984","targetHints":{"allow":["GET"]}}],"collection":[{"href":"https:\/\/officeplan.pt\/pt\/wp-json\/wp\/v2\/product"}],"about":[{"href":"https:\/\/officeplan.pt\/pt\/wp-json\/wp\/v2\/types\/product"}],"version-history":[{"count":1,"href":"https:\/\/officeplan.pt\/pt\/wp-json\/wp\/v2\/product\/10984\/revisions"}],"predecessor-version":[{"id":10986,"href":"https:\/\/officeplan.pt\/pt\/wp-json\/wp\/v2\/product\/10984\/revisions\/10986"}],"wp:featuredmedia":[{"embeddable":true,"href":"https:\/\/officeplan.pt\/pt\/wp-json\/wp\/v2\/media\/10985"}],"wp:attachment":[{"href":"https:\/\/officeplan.pt\/pt\/wp-json\/wp\/v2\/media?parent=10984"}],"wp:term":[{"taxonomy":"product_brand","embeddable":true,"href":"https:\/\/officeplan.pt\/pt\/wp-json\/wp\/v2\/product_brand?post=10984"},{"taxonomy":"product_cat","embeddable":true,"href":"https:\/\/officeplan.pt\/pt\/wp-json\/wp\/v2\/product_cat?post=10984"},{"taxonomy":"product_tag","embeddable":true,"href":"https:\/\/officeplan.pt\/pt\/wp-json\/wp\/v2\/product_tag?post=10984"}],"curies":[{"name":"wp","href":"https:\/\/api.w.org\/{rel}","templated":true}]}}