{"id":10987,"date":"2023-07-27T10:59:43","date_gmt":"2023-07-27T10:59:43","guid":{"rendered":"https:\/\/www.officeplan.pt\/pt\/?post_type=product&#038;p=10987"},"modified":"2023-07-27T10:59:44","modified_gmt":"2023-07-27T10:59:44","slug":"cadeira-woody","status":"publish","type":"product","link":"https:\/\/officeplan.pt\/pt\/produto\/cadeira-woody\/","title":{"rendered":"Cadeira Woody"},"content":{"rendered":"<p>Banco modelo WOODY, assento redondo em faia envernizada<br \/>\nSisteam de eleva\u00e7\u00e3o simples<br \/>\nBase em nylon com rod\u00edzios ou pateres<br \/>\nApoio de p\u00e9s em nylon<\/p>\n<p>Op\u00e7\u00e3o: Apoio de p\u00e9s cromado<\/p>\n","protected":false},"excerpt":{"rendered":"<p>Banco modelo WOODY, assento redondo em faia envernizada Sisteam de eleva\u00e7\u00e3o simples Base em nylon com rod\u00edzios ou pateres Apoio<\/p>\n","protected":false},"featured_media":10988,"template":"","meta":[],"product_brand":[],"product_cat":[108,105],"product_tag":[151,530],"class_list":{"0":"post-10987","1":"product","2":"type-product","3":"status-publish","4":"has-post-thumbnail","6":"product_cat-cadeira-multi-usos","7":"product_cat-cadeiras","8":"product_tag-cadeira","9":"product_tag-escritorio","11":"first","12":"instock","13":"taxable","14":"shipping-taxable","15":"purchasable","16":"product-type-simple"},"aioseo_notices":[],"jetpack_sharing_enabled":true,"_links":{"self":[{"href":"https:\/\/officeplan.pt\/pt\/wp-json\/wp\/v2\/product\/10987","targetHints":{"allow":["GET"]}}],"collection":[{"href":"https:\/\/officeplan.pt\/pt\/wp-json\/wp\/v2\/product"}],"about":[{"href":"https:\/\/officeplan.pt\/pt\/wp-json\/wp\/v2\/types\/product"}],"version-history":[{"count":1,"href":"https:\/\/officeplan.pt\/pt\/wp-json\/wp\/v2\/product\/10987\/revisions"}],"predecessor-version":[{"id":10989,"href":"https:\/\/officeplan.pt\/pt\/wp-json\/wp\/v2\/product\/10987\/revisions\/10989"}],"wp:featuredmedia":[{"embeddable":true,"href":"https:\/\/officeplan.pt\/pt\/wp-json\/wp\/v2\/media\/10988"}],"wp:attachment":[{"href":"https:\/\/officeplan.pt\/pt\/wp-json\/wp\/v2\/media?parent=10987"}],"wp:term":[{"taxonomy":"product_brand","embeddable":true,"href":"https:\/\/officeplan.pt\/pt\/wp-json\/wp\/v2\/product_brand?post=10987"},{"taxonomy":"product_cat","embeddable":true,"href":"https:\/\/officeplan.pt\/pt\/wp-json\/wp\/v2\/product_cat?post=10987"},{"taxonomy":"product_tag","embeddable":true,"href":"https:\/\/officeplan.pt\/pt\/wp-json\/wp\/v2\/product_tag?post=10987"}],"curies":[{"name":"wp","href":"https:\/\/api.w.org\/{rel}","templated":true}]}}