{"id":10990,"date":"2023-07-27T11:02:27","date_gmt":"2023-07-27T11:02:27","guid":{"rendered":"https:\/\/www.officeplan.pt\/pt\/?post_type=product&#038;p=10990"},"modified":"2023-07-27T11:55:10","modified_gmt":"2023-07-27T11:55:10","slug":"cadeira-big-woody","status":"publish","type":"product","link":"https:\/\/officeplan.pt\/pt\/produto\/cadeira-big-woody\/","title":{"rendered":"Cadeira Big Woody"},"content":{"rendered":"<p>Cadeira BIG WOODY<br \/>\nCosta e assento em faia envernizada<br \/>\nSistema de eleva\u00e7\u00e3o simples<br \/>\nBase em nylon com rod\u00edzios ou pateres<\/p>\n","protected":false},"excerpt":{"rendered":"<p>Cadeira BIG WOODY Costa e assento em faia envernizada Sistema de eleva\u00e7\u00e3o simples Base em nylon com rod\u00edzios ou pateres<\/p>\n","protected":false},"featured_media":10991,"template":"","meta":[],"product_brand":[],"product_cat":[108,105],"product_tag":[151,530],"class_list":{"0":"post-10990","1":"product","2":"type-product","3":"status-publish","4":"has-post-thumbnail","6":"product_cat-cadeira-multi-usos","7":"product_cat-cadeiras","8":"product_tag-cadeira","9":"product_tag-escritorio","11":"first","12":"instock","13":"taxable","14":"shipping-taxable","15":"purchasable","16":"product-type-simple"},"aioseo_notices":[],"jetpack_sharing_enabled":true,"_links":{"self":[{"href":"https:\/\/officeplan.pt\/pt\/wp-json\/wp\/v2\/product\/10990","targetHints":{"allow":["GET"]}}],"collection":[{"href":"https:\/\/officeplan.pt\/pt\/wp-json\/wp\/v2\/product"}],"about":[{"href":"https:\/\/officeplan.pt\/pt\/wp-json\/wp\/v2\/types\/product"}],"version-history":[{"count":1,"href":"https:\/\/officeplan.pt\/pt\/wp-json\/wp\/v2\/product\/10990\/revisions"}],"predecessor-version":[{"id":10992,"href":"https:\/\/officeplan.pt\/pt\/wp-json\/wp\/v2\/product\/10990\/revisions\/10992"}],"wp:featuredmedia":[{"embeddable":true,"href":"https:\/\/officeplan.pt\/pt\/wp-json\/wp\/v2\/media\/10991"}],"wp:attachment":[{"href":"https:\/\/officeplan.pt\/pt\/wp-json\/wp\/v2\/media?parent=10990"}],"wp:term":[{"taxonomy":"product_brand","embeddable":true,"href":"https:\/\/officeplan.pt\/pt\/wp-json\/wp\/v2\/product_brand?post=10990"},{"taxonomy":"product_cat","embeddable":true,"href":"https:\/\/officeplan.pt\/pt\/wp-json\/wp\/v2\/product_cat?post=10990"},{"taxonomy":"product_tag","embeddable":true,"href":"https:\/\/officeplan.pt\/pt\/wp-json\/wp\/v2\/product_tag?post=10990"}],"curies":[{"name":"wp","href":"https:\/\/api.w.org\/{rel}","templated":true}]}}