{"id":10993,"date":"2023-07-27T11:04:49","date_gmt":"2023-07-27T11:04:49","guid":{"rendered":"https:\/\/www.officeplan.pt\/pt\/?post_type=product&#038;p=10993"},"modified":"2023-07-27T11:54:53","modified_gmt":"2023-07-27T11:54:53","slug":"cadeira-woody-plus","status":"publish","type":"product","link":"https:\/\/officeplan.pt\/pt\/produto\/cadeira-woody-plus\/","title":{"rendered":"Cadeira Big Woody Plus"},"content":{"rendered":"<p>Cadeira BIG WOODY PLUS<br \/>\nCosta e assento em faia envernizada<br \/>\nSistema de eleva\u00e7\u00e3o simples<br \/>\nBase em nylon com rod\u00edzios ou pateres<br \/>\nApoio de p\u00e9s em nylon<\/p>\n<p>Op\u00e7\u00e3o: Apoio de p\u00e9s cromado<\/p>\n","protected":false},"excerpt":{"rendered":"<p>Cadeira BIG WOODY PLUS Costa e assento em faia envernizada Sistema de eleva\u00e7\u00e3o simples Base em nylon com rod\u00edzios ou<\/p>\n","protected":false},"featured_media":10994,"template":"","meta":[],"product_brand":[],"product_cat":[108,105],"product_tag":[151,530],"class_list":{"0":"post-10993","1":"product","2":"type-product","3":"status-publish","4":"has-post-thumbnail","6":"product_cat-cadeira-multi-usos","7":"product_cat-cadeiras","8":"product_tag-cadeira","9":"product_tag-escritorio","11":"first","12":"instock","13":"taxable","14":"shipping-taxable","15":"purchasable","16":"product-type-simple"},"aioseo_notices":[],"jetpack_sharing_enabled":true,"_links":{"self":[{"href":"https:\/\/officeplan.pt\/pt\/wp-json\/wp\/v2\/product\/10993","targetHints":{"allow":["GET"]}}],"collection":[{"href":"https:\/\/officeplan.pt\/pt\/wp-json\/wp\/v2\/product"}],"about":[{"href":"https:\/\/officeplan.pt\/pt\/wp-json\/wp\/v2\/types\/product"}],"version-history":[{"count":2,"href":"https:\/\/officeplan.pt\/pt\/wp-json\/wp\/v2\/product\/10993\/revisions"}],"predecessor-version":[{"id":11016,"href":"https:\/\/officeplan.pt\/pt\/wp-json\/wp\/v2\/product\/10993\/revisions\/11016"}],"wp:featuredmedia":[{"embeddable":true,"href":"https:\/\/officeplan.pt\/pt\/wp-json\/wp\/v2\/media\/10994"}],"wp:attachment":[{"href":"https:\/\/officeplan.pt\/pt\/wp-json\/wp\/v2\/media?parent=10993"}],"wp:term":[{"taxonomy":"product_brand","embeddable":true,"href":"https:\/\/officeplan.pt\/pt\/wp-json\/wp\/v2\/product_brand?post=10993"},{"taxonomy":"product_cat","embeddable":true,"href":"https:\/\/officeplan.pt\/pt\/wp-json\/wp\/v2\/product_cat?post=10993"},{"taxonomy":"product_tag","embeddable":true,"href":"https:\/\/officeplan.pt\/pt\/wp-json\/wp\/v2\/product_tag?post=10993"}],"curies":[{"name":"wp","href":"https:\/\/api.w.org\/{rel}","templated":true}]}}