{"id":11107,"date":"2023-08-29T13:51:12","date_gmt":"2023-08-29T13:51:12","guid":{"rendered":"https:\/\/officeplan.pt\/pt\/?post_type=product&#038;p=11107"},"modified":"2024-08-29T13:46:54","modified_gmt":"2024-08-29T13:46:54","slug":"secretaria-com-sistema-de-elevacao-eletrico","status":"publish","type":"product","link":"https:\/\/officeplan.pt\/pt\/produto\/secretaria-com-sistema-de-elevacao-eletrico\/","title":{"rendered":"Secret\u00e1ria com sistema de eleva\u00e7\u00e3o el\u00e9trico"},"content":{"rendered":"<p>Mesa de escrit\u00f3rio com sistema de eleva\u00e7\u00e3o el\u00e9trica.<br \/>\nPre\u00e7o apenas para o suporte, pre\u00e7o sob consulta para secret\u00e1ria completa com tampo.<\/p>\n<p>Dimens\u00f5es ajust\u00e1veis:<br \/>\nComprimento: 1200 &#8211; 2000mm<br \/>\nLargura: 600 &#8211; 800mm<\/p>\n<p>Altura ajust\u00e1vel entre 580 &#8211; 1230mm<br \/>\nCores dispon\u00edveis em branco e preto.<br \/>\nCapacidade m\u00e1xima de 125kg<\/p>\n<p>&nbsp;<\/p>\n<p>Sistema de dois motores para um ajuste de altura mais r\u00e1pido, est\u00e1vel e silencioso.<br \/>\n3 programas de predefini\u00e7\u00e3o dispon\u00edveis para serem programados com sistema de temporizador para o tempo em p\u00e9\/sentado.<\/p>\n<p>&nbsp;<\/p>\n","protected":false},"excerpt":{"rendered":"<p>Mesa de escrit\u00f3rio com sistema de eleva\u00e7\u00e3o el\u00e9trica. Pre\u00e7o apenas para o suporte, pre\u00e7o sob consulta para secret\u00e1ria completa com<\/p>\n","protected":false},"featured_media":11111,"template":"","meta":[],"product_brand":[],"product_cat":[830,753],"product_tag":[823,536],"class_list":{"0":"post-11107","1":"product","2":"type-product","3":"status-publish","4":"has-post-thumbnail","6":"product_cat-mesas-elevatorias","7":"product_cat-mobiliario-de-escritorio-mobiliario","8":"product_tag-elevatoria","9":"product_tag-secretaria","11":"first","12":"instock","13":"taxable","14":"shipping-taxable","15":"purchasable","16":"product-type-variable"},"aioseo_notices":[],"jetpack_sharing_enabled":true,"_links":{"self":[{"href":"https:\/\/officeplan.pt\/pt\/wp-json\/wp\/v2\/product\/11107","targetHints":{"allow":["GET"]}}],"collection":[{"href":"https:\/\/officeplan.pt\/pt\/wp-json\/wp\/v2\/product"}],"about":[{"href":"https:\/\/officeplan.pt\/pt\/wp-json\/wp\/v2\/types\/product"}],"version-history":[{"count":1,"href":"https:\/\/officeplan.pt\/pt\/wp-json\/wp\/v2\/product\/11107\/revisions"}],"predecessor-version":[{"id":11119,"href":"https:\/\/officeplan.pt\/pt\/wp-json\/wp\/v2\/product\/11107\/revisions\/11119"}],"wp:featuredmedia":[{"embeddable":true,"href":"https:\/\/officeplan.pt\/pt\/wp-json\/wp\/v2\/media\/11111"}],"wp:attachment":[{"href":"https:\/\/officeplan.pt\/pt\/wp-json\/wp\/v2\/media?parent=11107"}],"wp:term":[{"taxonomy":"product_brand","embeddable":true,"href":"https:\/\/officeplan.pt\/pt\/wp-json\/wp\/v2\/product_brand?post=11107"},{"taxonomy":"product_cat","embeddable":true,"href":"https:\/\/officeplan.pt\/pt\/wp-json\/wp\/v2\/product_cat?post=11107"},{"taxonomy":"product_tag","embeddable":true,"href":"https:\/\/officeplan.pt\/pt\/wp-json\/wp\/v2\/product_tag?post=11107"}],"curies":[{"name":"wp","href":"https:\/\/api.w.org\/{rel}","templated":true}]}}