{"id":11133,"date":"2023-09-11T13:34:16","date_gmt":"2023-09-11T13:34:16","guid":{"rendered":"https:\/\/officeplan.pt\/pt\/?post_type=product&#038;p=11133"},"modified":"2023-09-11T13:34:16","modified_gmt":"2023-09-11T13:34:16","slug":"ecoponto-com-tampa-em-chapa-de-aco-inox-escovado-com-2-recipientes-interiores-de-plastico","status":"publish","type":"product","link":"https:\/\/officeplan.pt\/pt\/produto\/ecoponto-com-tampa-em-chapa-de-aco-inox-escovado-com-2-recipientes-interiores-de-plastico\/","title":{"rendered":"Ecoponto com tampa em chapa de a\u00e7o inox escovado com 2 recipientes interiores de pl\u00e1stico."},"content":{"rendered":"<p>Ecoponto com tampa em chapa de a\u00e7o inox escovado com 2 recipientes interiores de pl\u00e1stico.<\/p>\n<p>Ecoponto Ref. ECO6 iT 2C<\/p>\n<p>Alt. x Larg. x Frente mm \u2013 400X245X315 (2 contentores)<\/p>\n<p>Capacidade\/ L \u2013 10 L (cada contentor)<\/p>\n<p>Peso \/ Kg \u2013 5<\/p>\n<p>Vol. M3 \u2013 0.031<\/p>\n<p>&nbsp;<\/p>\n<p>Outras Dimens\u00f5es, Cores de Pintura: Pre\u00e7o Sob Consulta<\/p>\n<p>Garantia: 3 Anos<\/p>\n<p>Prazo de Entrega Estimado: 2 a 3 Semanas<\/p>\n","protected":false},"excerpt":{"rendered":"<p>Ecoponto com tampa em chapa de a\u00e7o inox escovado com 2 recipientes interiores de pl\u00e1stico. Ecoponto Ref. ECO6 iT 2C<\/p>\n","protected":false},"featured_media":11135,"template":"","meta":[],"product_brand":[],"product_cat":[749,91],"product_tag":[771,494,489,802,471],"class_list":{"0":"post-11133","1":"product","2":"type-product","3":"status-publish","4":"has-post-thumbnail","6":"product_cat-eco-diversos-mobiliario-2","7":"product_cat-eco","8":"product_tag-caixote","9":"product_tag-eco-pontos","10":"product_tag-lixo","11":"product_tag-papel","12":"product_tag-papeleiro","14":"first","15":"instock","16":"taxable","17":"shipping-taxable","18":"purchasable","19":"product-type-simple"},"aioseo_notices":[],"jetpack_sharing_enabled":true,"_links":{"self":[{"href":"https:\/\/officeplan.pt\/pt\/wp-json\/wp\/v2\/product\/11133","targetHints":{"allow":["GET"]}}],"collection":[{"href":"https:\/\/officeplan.pt\/pt\/wp-json\/wp\/v2\/product"}],"about":[{"href":"https:\/\/officeplan.pt\/pt\/wp-json\/wp\/v2\/types\/product"}],"version-history":[{"count":1,"href":"https:\/\/officeplan.pt\/pt\/wp-json\/wp\/v2\/product\/11133\/revisions"}],"predecessor-version":[{"id":11136,"href":"https:\/\/officeplan.pt\/pt\/wp-json\/wp\/v2\/product\/11133\/revisions\/11136"}],"wp:featuredmedia":[{"embeddable":true,"href":"https:\/\/officeplan.pt\/pt\/wp-json\/wp\/v2\/media\/11135"}],"wp:attachment":[{"href":"https:\/\/officeplan.pt\/pt\/wp-json\/wp\/v2\/media?parent=11133"}],"wp:term":[{"taxonomy":"product_brand","embeddable":true,"href":"https:\/\/officeplan.pt\/pt\/wp-json\/wp\/v2\/product_brand?post=11133"},{"taxonomy":"product_cat","embeddable":true,"href":"https:\/\/officeplan.pt\/pt\/wp-json\/wp\/v2\/product_cat?post=11133"},{"taxonomy":"product_tag","embeddable":true,"href":"https:\/\/officeplan.pt\/pt\/wp-json\/wp\/v2\/product_tag?post=11133"}],"curies":[{"name":"wp","href":"https:\/\/api.w.org\/{rel}","templated":true}]}}