{"id":11146,"date":"2023-09-11T15:10:13","date_gmt":"2023-09-11T15:10:13","guid":{"rendered":"https:\/\/officeplan.pt\/pt\/?post_type=product&#038;p=11146"},"modified":"2023-09-11T15:11:10","modified_gmt":"2023-09-11T15:11:10","slug":"ecoponto-de-tres-unidades-de-reciclagem-em-chapa-de-aco-inox-escovado-com-3-recipientes-interiores-em-plastico","status":"publish","type":"product","link":"https:\/\/officeplan.pt\/pt\/produto\/ecoponto-de-tres-unidades-de-reciclagem-em-chapa-de-aco-inox-escovado-com-3-recipientes-interiores-em-plastico\/","title":{"rendered":"Ecoponto de tr\u00eas unidades de reciclagem em chapa de a\u00e7o inox escovado com 3 recipientes interiores em pl\u00e1stico"},"content":{"rendered":"<p>Ecoponto de tr\u00eas unidades de reciclagem em chapa de a\u00e7o inox escovado com 3 recipientes interiores em pl\u00e1stico<\/p>\n<p>Ecoponto Ref. ECO 6 i<\/p>\n<p>Alt. x Larg. x Frente mm \u2013 400X245X465 (3 contentores)<\/p>\n<p>Capacidade\/ L \u2013 10 L (cada contentor)<\/p>\n<p>Peso \/ Kg \u20136<\/p>\n<p>Vol. M3 \u2013 0.046<\/p>\n<p>&nbsp;<\/p>\n<p>Outras Dimens\u00f5es, Cores de Pintura: Pre\u00e7o Sob Consulta<\/p>\n<p>Garantia: 3 Anos<\/p>\n<p>Prazo de Entrega Estimado: 2 a 3 Semanas<\/p>\n","protected":false},"excerpt":{"rendered":"<p>Ecoponto de tr\u00eas unidades de reciclagem em chapa de a\u00e7o inox escovado com 3 recipientes interiores em pl\u00e1stico Ecoponto Ref.<\/p>\n","protected":false},"featured_media":11147,"template":"","meta":[],"product_brand":[],"product_cat":[749,91],"product_tag":[771,825,494,489,488],"class_list":{"0":"post-11146","1":"product","2":"type-product","3":"status-publish","4":"has-post-thumbnail","6":"product_cat-eco-diversos-mobiliario-2","7":"product_cat-eco","8":"product_tag-caixote","9":"product_tag-cesto","10":"product_tag-eco-pontos","11":"product_tag-lixo","12":"product_tag-papeleira","14":"first","15":"instock","16":"taxable","17":"shipping-taxable","18":"purchasable","19":"product-type-simple"},"aioseo_notices":[],"jetpack_sharing_enabled":true,"_links":{"self":[{"href":"https:\/\/officeplan.pt\/pt\/wp-json\/wp\/v2\/product\/11146","targetHints":{"allow":["GET"]}}],"collection":[{"href":"https:\/\/officeplan.pt\/pt\/wp-json\/wp\/v2\/product"}],"about":[{"href":"https:\/\/officeplan.pt\/pt\/wp-json\/wp\/v2\/types\/product"}],"version-history":[{"count":2,"href":"https:\/\/officeplan.pt\/pt\/wp-json\/wp\/v2\/product\/11146\/revisions"}],"predecessor-version":[{"id":11150,"href":"https:\/\/officeplan.pt\/pt\/wp-json\/wp\/v2\/product\/11146\/revisions\/11150"}],"wp:featuredmedia":[{"embeddable":true,"href":"https:\/\/officeplan.pt\/pt\/wp-json\/wp\/v2\/media\/11147"}],"wp:attachment":[{"href":"https:\/\/officeplan.pt\/pt\/wp-json\/wp\/v2\/media?parent=11146"}],"wp:term":[{"taxonomy":"product_brand","embeddable":true,"href":"https:\/\/officeplan.pt\/pt\/wp-json\/wp\/v2\/product_brand?post=11146"},{"taxonomy":"product_cat","embeddable":true,"href":"https:\/\/officeplan.pt\/pt\/wp-json\/wp\/v2\/product_cat?post=11146"},{"taxonomy":"product_tag","embeddable":true,"href":"https:\/\/officeplan.pt\/pt\/wp-json\/wp\/v2\/product_tag?post=11146"}],"curies":[{"name":"wp","href":"https:\/\/api.w.org\/{rel}","templated":true}]}}