{"id":11179,"date":"2023-09-13T15:59:13","date_gmt":"2023-09-13T15:59:13","guid":{"rendered":"https:\/\/officeplan.pt\/pt\/?post_type=product&#038;p=11179"},"modified":"2023-09-13T15:59:14","modified_gmt":"2023-09-13T15:59:14","slug":"cadeira-skena","status":"publish","type":"product","link":"https:\/\/officeplan.pt\/pt\/produto\/cadeira-skena\/","title":{"rendered":"Cadeira Skena"},"content":{"rendered":"<p>Cadeira de costa alta em malha preta, com base plana em alum\u00ednio polido e sem bra\u00e7os.<\/p>\n<p>Para outras configura\u00e7\u00f5es, cores e revestimentos, pre\u00e7o sob consulta.<\/p>\n<p>&nbsp;<\/p>\n","protected":false},"excerpt":{"rendered":"<p>Cadeira de costa alta em malha preta, com base plana em alum\u00ednio polido e sem bra\u00e7os. Para outras configura\u00e7\u00f5es, cores<\/p>\n","protected":false},"featured_media":11183,"template":"","meta":[],"product_brand":[],"product_cat":[107,105],"product_tag":[151,530],"class_list":{"0":"post-11179","1":"product","2":"type-product","3":"status-publish","4":"has-post-thumbnail","6":"product_cat-cadeira-operativa","7":"product_cat-cadeiras","8":"product_tag-cadeira","9":"product_tag-escritorio","11":"first","12":"instock","13":"taxable","14":"shipping-taxable","15":"purchasable","16":"product-type-simple"},"aioseo_notices":[],"jetpack_sharing_enabled":true,"_links":{"self":[{"href":"https:\/\/officeplan.pt\/pt\/wp-json\/wp\/v2\/product\/11179","targetHints":{"allow":["GET"]}}],"collection":[{"href":"https:\/\/officeplan.pt\/pt\/wp-json\/wp\/v2\/product"}],"about":[{"href":"https:\/\/officeplan.pt\/pt\/wp-json\/wp\/v2\/types\/product"}],"version-history":[{"count":1,"href":"https:\/\/officeplan.pt\/pt\/wp-json\/wp\/v2\/product\/11179\/revisions"}],"predecessor-version":[{"id":11185,"href":"https:\/\/officeplan.pt\/pt\/wp-json\/wp\/v2\/product\/11179\/revisions\/11185"}],"wp:featuredmedia":[{"embeddable":true,"href":"https:\/\/officeplan.pt\/pt\/wp-json\/wp\/v2\/media\/11183"}],"wp:attachment":[{"href":"https:\/\/officeplan.pt\/pt\/wp-json\/wp\/v2\/media?parent=11179"}],"wp:term":[{"taxonomy":"product_brand","embeddable":true,"href":"https:\/\/officeplan.pt\/pt\/wp-json\/wp\/v2\/product_brand?post=11179"},{"taxonomy":"product_cat","embeddable":true,"href":"https:\/\/officeplan.pt\/pt\/wp-json\/wp\/v2\/product_cat?post=11179"},{"taxonomy":"product_tag","embeddable":true,"href":"https:\/\/officeplan.pt\/pt\/wp-json\/wp\/v2\/product_tag?post=11179"}],"curies":[{"name":"wp","href":"https:\/\/api.w.org\/{rel}","templated":true}]}}