{"id":11195,"date":"2023-09-15T11:19:47","date_gmt":"2023-09-15T11:19:47","guid":{"rendered":"https:\/\/officeplan.pt\/pt\/?post_type=product&#038;p=11195"},"modified":"2023-09-15T11:19:48","modified_gmt":"2023-09-15T11:19:48","slug":"cadeira-equis","status":"publish","type":"product","link":"https:\/\/officeplan.pt\/pt\/produto\/cadeira-equis\/","title":{"rendered":"Cadeira Equis"},"content":{"rendered":"<p>Cadeira Equis de costa alta, com base plana em nylon negro e estrutura preta ou branca sem bra\u00e7os.<\/p>\n<p>Para outras configura\u00e7\u00f5es. cores e revestimentos, pre\u00e7o sob consulta.<br \/>\nBra\u00e7os opcionais.<\/p>\n","protected":false},"excerpt":{"rendered":"<p>Cadeira Equis de costa alta, com base plana em nylon negro e estrutura preta ou branca sem bra\u00e7os. Para outras<\/p>\n","protected":false},"featured_media":11196,"template":"","meta":[],"product_brand":[],"product_cat":[107,105],"product_tag":[151,530],"class_list":{"0":"post-11195","1":"product","2":"type-product","3":"status-publish","4":"has-post-thumbnail","6":"product_cat-cadeira-operativa","7":"product_cat-cadeiras","8":"product_tag-cadeira","9":"product_tag-escritorio","11":"first","12":"instock","13":"taxable","14":"shipping-taxable","15":"purchasable","16":"product-type-simple"},"aioseo_notices":[],"jetpack_sharing_enabled":true,"_links":{"self":[{"href":"https:\/\/officeplan.pt\/pt\/wp-json\/wp\/v2\/product\/11195","targetHints":{"allow":["GET"]}}],"collection":[{"href":"https:\/\/officeplan.pt\/pt\/wp-json\/wp\/v2\/product"}],"about":[{"href":"https:\/\/officeplan.pt\/pt\/wp-json\/wp\/v2\/types\/product"}],"version-history":[{"count":1,"href":"https:\/\/officeplan.pt\/pt\/wp-json\/wp\/v2\/product\/11195\/revisions"}],"predecessor-version":[{"id":11199,"href":"https:\/\/officeplan.pt\/pt\/wp-json\/wp\/v2\/product\/11195\/revisions\/11199"}],"wp:featuredmedia":[{"embeddable":true,"href":"https:\/\/officeplan.pt\/pt\/wp-json\/wp\/v2\/media\/11196"}],"wp:attachment":[{"href":"https:\/\/officeplan.pt\/pt\/wp-json\/wp\/v2\/media?parent=11195"}],"wp:term":[{"taxonomy":"product_brand","embeddable":true,"href":"https:\/\/officeplan.pt\/pt\/wp-json\/wp\/v2\/product_brand?post=11195"},{"taxonomy":"product_cat","embeddable":true,"href":"https:\/\/officeplan.pt\/pt\/wp-json\/wp\/v2\/product_cat?post=11195"},{"taxonomy":"product_tag","embeddable":true,"href":"https:\/\/officeplan.pt\/pt\/wp-json\/wp\/v2\/product_tag?post=11195"}],"curies":[{"name":"wp","href":"https:\/\/api.w.org\/{rel}","templated":true}]}}