{"id":11200,"date":"2023-09-15T13:10:00","date_gmt":"2023-09-15T13:10:00","guid":{"rendered":"https:\/\/officeplan.pt\/pt\/?post_type=product&#038;p=11200"},"modified":"2023-09-15T13:10:01","modified_gmt":"2023-09-15T13:10:01","slug":"cadeira-equis-tapizada","status":"publish","type":"product","link":"https:\/\/officeplan.pt\/pt\/produto\/cadeira-equis-tapizada\/","title":{"rendered":"Cadeira Equis Tapizada"},"content":{"rendered":"<p>Cadeira Equis Tapizada de costa alta, estofada com base em nylon negro e estrutura branca ou preta.<\/p>\n<p>Para outras configura\u00e7\u00f5es, cores ou revestimentos, pre\u00e7o sob consulta.<br \/>\nBra\u00e7os n\u00e3o inclu\u00eddos.<\/p>\n","protected":false},"excerpt":{"rendered":"<p>Cadeira Equis Tapizada de costa alta, estofada com base em nylon negro e estrutura branca ou preta. Para outras configura\u00e7\u00f5es,<\/p>\n","protected":false},"featured_media":11201,"template":"","meta":[],"product_brand":[],"product_cat":[107,105],"product_tag":[151,530],"class_list":{"0":"post-11200","1":"product","2":"type-product","3":"status-publish","4":"has-post-thumbnail","6":"product_cat-cadeira-operativa","7":"product_cat-cadeiras","8":"product_tag-cadeira","9":"product_tag-escritorio","11":"first","12":"instock","13":"taxable","14":"shipping-taxable","15":"purchasable","16":"product-type-simple"},"aioseo_notices":[],"jetpack_sharing_enabled":true,"_links":{"self":[{"href":"https:\/\/officeplan.pt\/pt\/wp-json\/wp\/v2\/product\/11200","targetHints":{"allow":["GET"]}}],"collection":[{"href":"https:\/\/officeplan.pt\/pt\/wp-json\/wp\/v2\/product"}],"about":[{"href":"https:\/\/officeplan.pt\/pt\/wp-json\/wp\/v2\/types\/product"}],"version-history":[{"count":1,"href":"https:\/\/officeplan.pt\/pt\/wp-json\/wp\/v2\/product\/11200\/revisions"}],"predecessor-version":[{"id":11204,"href":"https:\/\/officeplan.pt\/pt\/wp-json\/wp\/v2\/product\/11200\/revisions\/11204"}],"wp:featuredmedia":[{"embeddable":true,"href":"https:\/\/officeplan.pt\/pt\/wp-json\/wp\/v2\/media\/11201"}],"wp:attachment":[{"href":"https:\/\/officeplan.pt\/pt\/wp-json\/wp\/v2\/media?parent=11200"}],"wp:term":[{"taxonomy":"product_brand","embeddable":true,"href":"https:\/\/officeplan.pt\/pt\/wp-json\/wp\/v2\/product_brand?post=11200"},{"taxonomy":"product_cat","embeddable":true,"href":"https:\/\/officeplan.pt\/pt\/wp-json\/wp\/v2\/product_cat?post=11200"},{"taxonomy":"product_tag","embeddable":true,"href":"https:\/\/officeplan.pt\/pt\/wp-json\/wp\/v2\/product_tag?post=11200"}],"curies":[{"name":"wp","href":"https:\/\/api.w.org\/{rel}","templated":true}]}}