{"id":11205,"date":"2023-09-15T13:34:49","date_gmt":"2023-09-15T13:34:49","guid":{"rendered":"https:\/\/officeplan.pt\/pt\/?post_type=product&#038;p=11205"},"modified":"2023-09-15T13:34:50","modified_gmt":"2023-09-15T13:34:50","slug":"cadeira-flexa-24h","status":"publish","type":"product","link":"https:\/\/officeplan.pt\/pt\/produto\/cadeira-flexa-24h\/","title":{"rendered":"Cadeira Flexa 24h"},"content":{"rendered":"<p>Cadeira Flexa24h de costa alta, com base plana em nylon negro, estrutura preta e suporte lombar regul\u00e1vel.<\/p>\n<p>Para outras configura\u00e7\u00f5es, pre\u00e7o sob consulta.<\/p>\n","protected":false},"excerpt":{"rendered":"<p>Cadeira Flexa24h de costa alta, com base plana em nylon negro, estrutura preta e suporte lombar regul\u00e1vel. Para outras configura\u00e7\u00f5es,<\/p>\n","protected":false},"featured_media":11207,"template":"","meta":[],"product_brand":[],"product_cat":[107,105],"product_tag":[151,530],"class_list":{"0":"post-11205","1":"product","2":"type-product","3":"status-publish","4":"has-post-thumbnail","6":"product_cat-cadeira-operativa","7":"product_cat-cadeiras","8":"product_tag-cadeira","9":"product_tag-escritorio","11":"first","12":"instock","13":"taxable","14":"shipping-taxable","15":"purchasable","16":"product-type-simple"},"aioseo_notices":[],"jetpack_sharing_enabled":true,"_links":{"self":[{"href":"https:\/\/officeplan.pt\/pt\/wp-json\/wp\/v2\/product\/11205","targetHints":{"allow":["GET"]}}],"collection":[{"href":"https:\/\/officeplan.pt\/pt\/wp-json\/wp\/v2\/product"}],"about":[{"href":"https:\/\/officeplan.pt\/pt\/wp-json\/wp\/v2\/types\/product"}],"version-history":[{"count":1,"href":"https:\/\/officeplan.pt\/pt\/wp-json\/wp\/v2\/product\/11205\/revisions"}],"predecessor-version":[{"id":11208,"href":"https:\/\/officeplan.pt\/pt\/wp-json\/wp\/v2\/product\/11205\/revisions\/11208"}],"wp:featuredmedia":[{"embeddable":true,"href":"https:\/\/officeplan.pt\/pt\/wp-json\/wp\/v2\/media\/11207"}],"wp:attachment":[{"href":"https:\/\/officeplan.pt\/pt\/wp-json\/wp\/v2\/media?parent=11205"}],"wp:term":[{"taxonomy":"product_brand","embeddable":true,"href":"https:\/\/officeplan.pt\/pt\/wp-json\/wp\/v2\/product_brand?post=11205"},{"taxonomy":"product_cat","embeddable":true,"href":"https:\/\/officeplan.pt\/pt\/wp-json\/wp\/v2\/product_cat?post=11205"},{"taxonomy":"product_tag","embeddable":true,"href":"https:\/\/officeplan.pt\/pt\/wp-json\/wp\/v2\/product_tag?post=11205"}],"curies":[{"name":"wp","href":"https:\/\/api.w.org\/{rel}","templated":true}]}}