{"id":11213,"date":"2023-09-19T14:38:07","date_gmt":"2023-09-19T14:38:07","guid":{"rendered":"https:\/\/officeplan.pt\/pt\/?post_type=product&#038;p=11213"},"modified":"2023-09-19T14:38:08","modified_gmt":"2023-09-19T14:38:08","slug":"cadeira-atika24h","status":"publish","type":"product","link":"https:\/\/officeplan.pt\/pt\/produto\/cadeira-atika24h\/","title":{"rendered":"Cadeira Atika24h"},"content":{"rendered":"<p>Cadeira Atika24h com costa alta de malha regul\u00e1vel, base em nylon preto sem bra\u00e7os.<\/p>\n<p>Para outras configura\u00e7\u00f5es, cores e revestimentos, pre\u00e7o sob consulta.<br \/>\nBra\u00e7os opcionais.<\/p>\n","protected":false},"excerpt":{"rendered":"<p>Cadeira Atika24h com costa alta de malha regul\u00e1vel, base em nylon preto sem bra\u00e7os. Para outras configura\u00e7\u00f5es, cores e revestimentos,<\/p>\n","protected":false},"featured_media":11215,"template":"","meta":[],"product_brand":[],"product_cat":[107,105],"product_tag":[151,530],"class_list":{"0":"post-11213","1":"product","2":"type-product","3":"status-publish","4":"has-post-thumbnail","6":"product_cat-cadeira-operativa","7":"product_cat-cadeiras","8":"product_tag-cadeira","9":"product_tag-escritorio","11":"first","12":"instock","13":"taxable","14":"shipping-taxable","15":"purchasable","16":"product-type-simple"},"aioseo_notices":[],"jetpack_sharing_enabled":true,"_links":{"self":[{"href":"https:\/\/officeplan.pt\/pt\/wp-json\/wp\/v2\/product\/11213","targetHints":{"allow":["GET"]}}],"collection":[{"href":"https:\/\/officeplan.pt\/pt\/wp-json\/wp\/v2\/product"}],"about":[{"href":"https:\/\/officeplan.pt\/pt\/wp-json\/wp\/v2\/types\/product"}],"version-history":[{"count":1,"href":"https:\/\/officeplan.pt\/pt\/wp-json\/wp\/v2\/product\/11213\/revisions"}],"predecessor-version":[{"id":11216,"href":"https:\/\/officeplan.pt\/pt\/wp-json\/wp\/v2\/product\/11213\/revisions\/11216"}],"wp:featuredmedia":[{"embeddable":true,"href":"https:\/\/officeplan.pt\/pt\/wp-json\/wp\/v2\/media\/11215"}],"wp:attachment":[{"href":"https:\/\/officeplan.pt\/pt\/wp-json\/wp\/v2\/media?parent=11213"}],"wp:term":[{"taxonomy":"product_brand","embeddable":true,"href":"https:\/\/officeplan.pt\/pt\/wp-json\/wp\/v2\/product_brand?post=11213"},{"taxonomy":"product_cat","embeddable":true,"href":"https:\/\/officeplan.pt\/pt\/wp-json\/wp\/v2\/product_cat?post=11213"},{"taxonomy":"product_tag","embeddable":true,"href":"https:\/\/officeplan.pt\/pt\/wp-json\/wp\/v2\/product_tag?post=11213"}],"curies":[{"name":"wp","href":"https:\/\/api.w.org\/{rel}","templated":true}]}}