{"id":11236,"date":"2023-09-19T15:09:24","date_gmt":"2023-09-19T15:09:24","guid":{"rendered":"https:\/\/officeplan.pt\/pt\/?post_type=product&#038;p=11236"},"modified":"2023-09-19T15:09:24","modified_gmt":"2023-09-19T15:09:24","slug":"cadeira-foxpro","status":"publish","type":"product","link":"https:\/\/officeplan.pt\/pt\/produto\/cadeira-foxpro\/","title":{"rendered":"Cadeira Foxpro"},"content":{"rendered":"<p>Cadeira Foxpro com costa alta em malha com suporte lombar regul\u00e1vel, base em nylon preto e sem bra\u00e7os.<\/p>\n<p>Para outras configura\u00e7\u00f5es, cores e revestimentos pre\u00e7os sob consulta.<br \/>\nBra\u00e7os opcionais.<\/p>\n","protected":false},"excerpt":{"rendered":"<p>Cadeira Foxpro com costa alta em malha com suporte lombar regul\u00e1vel, base em nylon preto e sem bra\u00e7os. Para outras<\/p>\n","protected":false},"featured_media":11238,"template":"","meta":[],"product_brand":[],"product_cat":[107,105],"product_tag":[151,530],"class_list":{"0":"post-11236","1":"product","2":"type-product","3":"status-publish","4":"has-post-thumbnail","6":"product_cat-cadeira-operativa","7":"product_cat-cadeiras","8":"product_tag-cadeira","9":"product_tag-escritorio","11":"first","12":"instock","13":"taxable","14":"shipping-taxable","15":"purchasable","16":"product-type-simple"},"aioseo_notices":[],"jetpack_sharing_enabled":true,"_links":{"self":[{"href":"https:\/\/officeplan.pt\/pt\/wp-json\/wp\/v2\/product\/11236","targetHints":{"allow":["GET"]}}],"collection":[{"href":"https:\/\/officeplan.pt\/pt\/wp-json\/wp\/v2\/product"}],"about":[{"href":"https:\/\/officeplan.pt\/pt\/wp-json\/wp\/v2\/types\/product"}],"version-history":[{"count":1,"href":"https:\/\/officeplan.pt\/pt\/wp-json\/wp\/v2\/product\/11236\/revisions"}],"predecessor-version":[{"id":11239,"href":"https:\/\/officeplan.pt\/pt\/wp-json\/wp\/v2\/product\/11236\/revisions\/11239"}],"wp:featuredmedia":[{"embeddable":true,"href":"https:\/\/officeplan.pt\/pt\/wp-json\/wp\/v2\/media\/11238"}],"wp:attachment":[{"href":"https:\/\/officeplan.pt\/pt\/wp-json\/wp\/v2\/media?parent=11236"}],"wp:term":[{"taxonomy":"product_brand","embeddable":true,"href":"https:\/\/officeplan.pt\/pt\/wp-json\/wp\/v2\/product_brand?post=11236"},{"taxonomy":"product_cat","embeddable":true,"href":"https:\/\/officeplan.pt\/pt\/wp-json\/wp\/v2\/product_cat?post=11236"},{"taxonomy":"product_tag","embeddable":true,"href":"https:\/\/officeplan.pt\/pt\/wp-json\/wp\/v2\/product_tag?post=11236"}],"curies":[{"name":"wp","href":"https:\/\/api.w.org\/{rel}","templated":true}]}}