{"id":11276,"date":"2023-09-20T14:45:04","date_gmt":"2023-09-20T14:45:04","guid":{"rendered":"https:\/\/officeplan.pt\/pt\/?post_type=product&#038;p=11276"},"modified":"2023-09-20T14:45:07","modified_gmt":"2023-09-20T14:45:07","slug":"cadeira-aitana-tapizada","status":"publish","type":"product","link":"https:\/\/officeplan.pt\/pt\/produto\/cadeira-aitana-tapizada\/","title":{"rendered":"Cadeira Aitana Tapizada"},"content":{"rendered":"<p>Cadeira Aitana tapizada girat\u00f3ria com base em nylon preto de 5 raios com rodas.<\/p>\n<p>Para outras configura\u00e7\u00f5es, cores e revestimentos pre\u00e7os sob consulta.<\/p>\n","protected":false},"excerpt":{"rendered":"<p>Cadeira Aitana tapizada girat\u00f3ria com base em nylon preto de 5 raios com rodas. Para outras configura\u00e7\u00f5es, cores e revestimentos<\/p>\n","protected":false},"featured_media":11279,"template":"","meta":[],"product_brand":[],"product_cat":[107,105],"product_tag":[],"class_list":{"0":"post-11276","1":"product","2":"type-product","3":"status-publish","4":"has-post-thumbnail","6":"product_cat-cadeira-operativa","7":"product_cat-cadeiras","9":"first","10":"instock","11":"taxable","12":"shipping-taxable","13":"purchasable","14":"product-type-simple"},"aioseo_notices":[],"jetpack_sharing_enabled":true,"_links":{"self":[{"href":"https:\/\/officeplan.pt\/pt\/wp-json\/wp\/v2\/product\/11276","targetHints":{"allow":["GET"]}}],"collection":[{"href":"https:\/\/officeplan.pt\/pt\/wp-json\/wp\/v2\/product"}],"about":[{"href":"https:\/\/officeplan.pt\/pt\/wp-json\/wp\/v2\/types\/product"}],"version-history":[{"count":1,"href":"https:\/\/officeplan.pt\/pt\/wp-json\/wp\/v2\/product\/11276\/revisions"}],"predecessor-version":[{"id":11280,"href":"https:\/\/officeplan.pt\/pt\/wp-json\/wp\/v2\/product\/11276\/revisions\/11280"}],"wp:featuredmedia":[{"embeddable":true,"href":"https:\/\/officeplan.pt\/pt\/wp-json\/wp\/v2\/media\/11279"}],"wp:attachment":[{"href":"https:\/\/officeplan.pt\/pt\/wp-json\/wp\/v2\/media?parent=11276"}],"wp:term":[{"taxonomy":"product_brand","embeddable":true,"href":"https:\/\/officeplan.pt\/pt\/wp-json\/wp\/v2\/product_brand?post=11276"},{"taxonomy":"product_cat","embeddable":true,"href":"https:\/\/officeplan.pt\/pt\/wp-json\/wp\/v2\/product_cat?post=11276"},{"taxonomy":"product_tag","embeddable":true,"href":"https:\/\/officeplan.pt\/pt\/wp-json\/wp\/v2\/product_tag?post=11276"}],"curies":[{"name":"wp","href":"https:\/\/api.w.org\/{rel}","templated":true}]}}