{"id":11377,"date":"2023-10-03T13:42:53","date_gmt":"2023-10-03T13:42:53","guid":{"rendered":"https:\/\/officeplan.pt\/pt\/?post_type=product&#038;p=11377"},"modified":"2023-10-03T13:42:54","modified_gmt":"2023-10-03T13:42:54","slug":"cadeira-boss","status":"publish","type":"product","link":"https:\/\/officeplan.pt\/pt\/produto\/cadeira-boss\/","title":{"rendered":"Cadeira Boss"},"content":{"rendered":"<p>Cadeira Boss de costa alta com base em alum\u00ednio polido, rodas de borracha e bra\u00e7os revestidos e mecanismo de balan\u00e7o avan\u00e7ado.<\/p>\n<p>Para outros revestimentos, pre\u00e7o sob consulta.<br \/>\nOp\u00e7\u00e3o de cadeira com costa baixa.<\/p>\n","protected":false},"excerpt":{"rendered":"<p>Cadeira Boss de costa alta com base em alum\u00ednio polido, rodas de borracha e bra\u00e7os revestidos e mecanismo de balan\u00e7o<\/p>\n","protected":false},"featured_media":11379,"template":"","meta":[],"product_brand":[],"product_cat":[106,105],"product_tag":[151,530],"class_list":{"0":"post-11377","1":"product","2":"type-product","3":"status-publish","4":"has-post-thumbnail","6":"product_cat-cadeira-direcao","7":"product_cat-cadeiras","8":"product_tag-cadeira","9":"product_tag-escritorio","11":"first","12":"instock","13":"taxable","14":"shipping-taxable","15":"purchasable","16":"product-type-simple"},"aioseo_notices":[],"jetpack_sharing_enabled":true,"_links":{"self":[{"href":"https:\/\/officeplan.pt\/pt\/wp-json\/wp\/v2\/product\/11377","targetHints":{"allow":["GET"]}}],"collection":[{"href":"https:\/\/officeplan.pt\/pt\/wp-json\/wp\/v2\/product"}],"about":[{"href":"https:\/\/officeplan.pt\/pt\/wp-json\/wp\/v2\/types\/product"}],"version-history":[{"count":1,"href":"https:\/\/officeplan.pt\/pt\/wp-json\/wp\/v2\/product\/11377\/revisions"}],"predecessor-version":[{"id":11380,"href":"https:\/\/officeplan.pt\/pt\/wp-json\/wp\/v2\/product\/11377\/revisions\/11380"}],"wp:featuredmedia":[{"embeddable":true,"href":"https:\/\/officeplan.pt\/pt\/wp-json\/wp\/v2\/media\/11379"}],"wp:attachment":[{"href":"https:\/\/officeplan.pt\/pt\/wp-json\/wp\/v2\/media?parent=11377"}],"wp:term":[{"taxonomy":"product_brand","embeddable":true,"href":"https:\/\/officeplan.pt\/pt\/wp-json\/wp\/v2\/product_brand?post=11377"},{"taxonomy":"product_cat","embeddable":true,"href":"https:\/\/officeplan.pt\/pt\/wp-json\/wp\/v2\/product_cat?post=11377"},{"taxonomy":"product_tag","embeddable":true,"href":"https:\/\/officeplan.pt\/pt\/wp-json\/wp\/v2\/product_tag?post=11377"}],"curies":[{"name":"wp","href":"https:\/\/api.w.org\/{rel}","templated":true}]}}