{"id":11381,"date":"2023-10-03T13:51:23","date_gmt":"2023-10-03T13:51:23","guid":{"rendered":"https:\/\/officeplan.pt\/pt\/?post_type=product&#038;p=11381"},"modified":"2023-10-03T13:51:24","modified_gmt":"2023-10-03T13:51:24","slug":"cadeira-neo","status":"publish","type":"product","link":"https:\/\/officeplan.pt\/pt\/produto\/cadeira-neo\/","title":{"rendered":"Cadeira Neo+"},"content":{"rendered":"<p>Cadeira Neo+ de costa alta, com base em alum\u00ednio polido e rodas de borracha com mecanismo de eleva\u00e7\u00e3o sincro, sem bra\u00e7os.<\/p>\n<p>Para outras configura\u00e7\u00f5es, cores e revestimentos pre\u00e7os sob consulta.<br \/>\nBra\u00e7os opcionais.<\/p>\n","protected":false},"excerpt":{"rendered":"<p>Cadeira Neo+ de costa alta, com base em alum\u00ednio polido e rodas de borracha com mecanismo de eleva\u00e7\u00e3o sincro, sem<\/p>\n","protected":false},"featured_media":11384,"template":"","meta":[],"product_brand":[],"product_cat":[106,105],"product_tag":[151,530],"class_list":{"0":"post-11381","1":"product","2":"type-product","3":"status-publish","4":"has-post-thumbnail","6":"product_cat-cadeira-direcao","7":"product_cat-cadeiras","8":"product_tag-cadeira","9":"product_tag-escritorio","11":"first","12":"instock","13":"taxable","14":"shipping-taxable","15":"purchasable","16":"product-type-simple"},"aioseo_notices":[],"jetpack_sharing_enabled":true,"_links":{"self":[{"href":"https:\/\/officeplan.pt\/pt\/wp-json\/wp\/v2\/product\/11381","targetHints":{"allow":["GET"]}}],"collection":[{"href":"https:\/\/officeplan.pt\/pt\/wp-json\/wp\/v2\/product"}],"about":[{"href":"https:\/\/officeplan.pt\/pt\/wp-json\/wp\/v2\/types\/product"}],"version-history":[{"count":1,"href":"https:\/\/officeplan.pt\/pt\/wp-json\/wp\/v2\/product\/11381\/revisions"}],"predecessor-version":[{"id":11385,"href":"https:\/\/officeplan.pt\/pt\/wp-json\/wp\/v2\/product\/11381\/revisions\/11385"}],"wp:featuredmedia":[{"embeddable":true,"href":"https:\/\/officeplan.pt\/pt\/wp-json\/wp\/v2\/media\/11384"}],"wp:attachment":[{"href":"https:\/\/officeplan.pt\/pt\/wp-json\/wp\/v2\/media?parent=11381"}],"wp:term":[{"taxonomy":"product_brand","embeddable":true,"href":"https:\/\/officeplan.pt\/pt\/wp-json\/wp\/v2\/product_brand?post=11381"},{"taxonomy":"product_cat","embeddable":true,"href":"https:\/\/officeplan.pt\/pt\/wp-json\/wp\/v2\/product_cat?post=11381"},{"taxonomy":"product_tag","embeddable":true,"href":"https:\/\/officeplan.pt\/pt\/wp-json\/wp\/v2\/product_tag?post=11381"}],"curies":[{"name":"wp","href":"https:\/\/api.w.org\/{rel}","templated":true}]}}