{"id":11386,"date":"2023-10-03T14:03:46","date_gmt":"2023-10-03T14:03:46","guid":{"rendered":"https:\/\/officeplan.pt\/pt\/?post_type=product&#038;p=11386"},"modified":"2023-10-03T14:03:46","modified_gmt":"2023-10-03T14:03:46","slug":"cadeira-trinity","status":"publish","type":"product","link":"https:\/\/officeplan.pt\/pt\/produto\/cadeira-trinity\/","title":{"rendered":"Cadeira Trinity"},"content":{"rendered":"<p>Cadeira Trinity de costa alta e estrutura preta, base em nylon preto e rodas de borracha e bra\u00e7os revetidos com mecanismo de balan\u00e7o avan\u00e7ado.<\/p>\n<p>Para outras configura\u00e7\u00f5es, cores e revestimentos pre\u00e7os sob consulta.<\/p>\n","protected":false},"excerpt":{"rendered":"<p>Cadeira Trinity de costa alta e estrutura preta, base em nylon preto e rodas de borracha e bra\u00e7os revetidos com<\/p>\n","protected":false},"featured_media":11387,"template":"","meta":[],"product_brand":[],"product_cat":[106,105],"product_tag":[151,530],"class_list":{"0":"post-11386","1":"product","2":"type-product","3":"status-publish","4":"has-post-thumbnail","6":"product_cat-cadeira-direcao","7":"product_cat-cadeiras","8":"product_tag-cadeira","9":"product_tag-escritorio","11":"first","12":"instock","13":"taxable","14":"shipping-taxable","15":"purchasable","16":"product-type-simple"},"aioseo_notices":[],"jetpack_sharing_enabled":true,"_links":{"self":[{"href":"https:\/\/officeplan.pt\/pt\/wp-json\/wp\/v2\/product\/11386","targetHints":{"allow":["GET"]}}],"collection":[{"href":"https:\/\/officeplan.pt\/pt\/wp-json\/wp\/v2\/product"}],"about":[{"href":"https:\/\/officeplan.pt\/pt\/wp-json\/wp\/v2\/types\/product"}],"version-history":[{"count":1,"href":"https:\/\/officeplan.pt\/pt\/wp-json\/wp\/v2\/product\/11386\/revisions"}],"predecessor-version":[{"id":11388,"href":"https:\/\/officeplan.pt\/pt\/wp-json\/wp\/v2\/product\/11386\/revisions\/11388"}],"wp:featuredmedia":[{"embeddable":true,"href":"https:\/\/officeplan.pt\/pt\/wp-json\/wp\/v2\/media\/11387"}],"wp:attachment":[{"href":"https:\/\/officeplan.pt\/pt\/wp-json\/wp\/v2\/media?parent=11386"}],"wp:term":[{"taxonomy":"product_brand","embeddable":true,"href":"https:\/\/officeplan.pt\/pt\/wp-json\/wp\/v2\/product_brand?post=11386"},{"taxonomy":"product_cat","embeddable":true,"href":"https:\/\/officeplan.pt\/pt\/wp-json\/wp\/v2\/product_cat?post=11386"},{"taxonomy":"product_tag","embeddable":true,"href":"https:\/\/officeplan.pt\/pt\/wp-json\/wp\/v2\/product_tag?post=11386"}],"curies":[{"name":"wp","href":"https:\/\/api.w.org\/{rel}","templated":true}]}}